{"id":1821,"date":"2021-04-21T14:33:49","date_gmt":"2021-04-21T17:33:49","guid":{"rendered":"https:\/\/www.prppg.ufpr.br\/site\/portalcapacitacao\/?page_id=1821"},"modified":"2025-12-08T15:34:26","modified_gmt":"2025-12-08T18:34:26","slug":"incentivo-a-qualificacao","status":"publish","type":"page","link":"https:\/\/progepe.ufpr.br\/capacitacao\/incentivo-a-qualificacao\/","title":{"rendered":"Incentivo \u00e0 Qualifica\u00e7\u00e3o"},"content":{"rendered":"\n<p>O <strong>Incentivo \u00e0 Qualifica\u00e7\u00e3o<\/strong>&nbsp;\u00e9 um benef\u00edcio concedido ao (a) servidor (a) t\u00e9cnico-administrativo que possuir educa\u00e7\u00e3o formal superior ao exigido para o cargo de que \u00e9 titular, na forma de regulamento. Foi institu\u00eddo pela Lei n\u00ba 11.091, de 12 de janeiro de 2005. Ter\u00e1 por base um percentual calculado sobre o padr\u00e3o de vencimento percebido pelo (a) servidor (a), conforme a tabela de Incentivo \u00e0 Qualifica\u00e7\u00e3o inclu\u00edda pela Lei n\u00ba 15.141\/2025 constante no Anexo CCXXIII.<\/p>\n\n\n\n<p>Os t\u00edtulos adquiridos pelo (a) servidor (a) t\u00e9cnico-administrativo da UFPR s\u00e3o analisados pela\u00a0<a href=\"https:\/\/progepe.ufpr.br\/progepe\/cdp\/sat\/\" target=\"_blank\" rel=\"noreferrer noopener\"><strong>Se\u00e7\u00e3o de An\u00e1lise de T\u00edtulos \u2013 CDP\/SAT<\/strong><\/a><strong>,<\/strong>\u00a0 e tem por base um percentual calculado sobre o padr\u00e3o de vencimento percebido pelo (a) servidor (a), na forma da lei.<\/p>\n\n\n\n<hr class=\"wp-block-separator has-alpha-channel-opacity\"\/>\n\n\n\n<h6 class=\"wp-block-heading\"><strong>Percentuais de Incentivo a Qualifica\u00e7\u00e3o<\/strong><\/h6>\n\n\n\n<p>A&nbsp;Lei n\u00ba 15.141\/2025 &#8211; Anexo CCXXIII (Anexo IV \u00e0 Lei n\u00ba 11.091, de 12 de janeiro de 2005) define os percentuais de incentivo concedidos aos (as) servidores (as) t\u00e9cnico-administrativos que apresentarem n\u00edvel de escolaridade formal superior ao previsto para o exerc\u00edcio seu cargo atual, de acordo com tabela abaixo:<\/p>\n\n\n\n<figure class=\"wp-block-table\"><table class=\"has-fixed-layout\"><tbody><tr><td><strong>N\u00edvel de escolaridade formal superior ao previsto para o exerc\u00edcio do cargo (curso reconhecido pelo Minist\u00e9rio da Educa\u00e7\u00e3o)<\/strong><\/td><td><strong>\u00c1rea de conhecimento com rela\u00e7\u00e3o direta<\/strong><\/td><\/tr><tr><td>Ensino fundamental completo<\/td><td>10%<\/td><\/tr><tr><td>Ensino m\u00e9dio completo<\/td><td>15%<\/td><\/tr><tr><td>Ensino m\u00e9dio profissionalizante ou ensino m\u00e9dio com curso t\u00e9cnico completo<\/td><td>20%<\/td><\/tr><tr><td>Curso de gradua\u00e7\u00e3o completo<\/td><td>25%<\/td><\/tr><tr><td>Especializa\u00e7\u00e3o, com carga hor\u00e1ria igual ou superior a 360h<\/td><td>30%<\/td><\/tr><tr><td>Mestrado<\/td><td>52%<\/td><\/tr><tr><td>Doutorado<\/td><td>75%<\/td><\/tr><\/tbody><\/table><\/figure>\n\n\n\n<hr class=\"wp-block-separator has-alpha-channel-opacity\"\/>\n\n\n\n<p><strong>Como solicitar o Incentivo \u00e0 Qualifica\u00e7\u00e3o?<\/strong><\/p>\n\n\n\n<p><em><strong>Processo SEI\/UFPR<\/strong><\/em><\/p>\n\n\n\n<ol class=\"wp-block-list\">\n<li>Abrir Processo no SEI, com Tipo do Processo:&nbsp;<strong>PROGEPE: Solicita\u00e7\u00e3o de Incentivo \u00e0 Qualifica\u00e7\u00e3o.<\/strong><\/li>\n\n\n\n<li>Preencher Especifica\u00e7\u00e3o como \u201cIncentivo \u00e0 Qualifica\u00e7\u00e3o\u201d, n\u00edvel de acesso: P\u00fablico.<\/li>\n\n\n\n<li>Incluir formul\u00e1rio PROGEPE: Solicita\u00e7\u00e3o de Incentivo \u00e0 Qualifica\u00e7\u00e3o (preencher e assinar) dispon\u00edvel no SEI.<\/li>\n\n\n\n<li>Aos servidores que trabalham no HC o formul\u00e1rio \u00e9 encontrado na Intranet.<\/li>\n<\/ol>\n\n\n\n<ol start=\"4\" class=\"wp-block-list\">\n<li>Anexar em PDF\/A o&nbsp;<strong>Certificado <\/strong>ou&nbsp;<strong>Diploma&nbsp;<\/strong>do t\u00edtulo adquirido.<\/li>\n\n\n\n<li>Caso o certificado ou diploma ainda n\u00e3o tenha sido emitido, anexar&nbsp;<strong>Certid\u00e3o de Conclus\u00e3o de Curso<\/strong>&nbsp;e o Termo de Compromisso (incluir a certid\u00e3o como documento externo).<\/li>\n\n\n\n<li>Assinar eletronicamente todos os documentos do pr\u00f3prio SEI no processo.\n<ul class=\"wp-block-list\">\n<li>Os servidores que trabalham no HC devem assinar fisicamente antes de digitalizar e anexar o documento.<\/li>\n<\/ul>\n<\/li>\n\n\n\n<li>Enviar para&nbsp;<strong>Unidade de Registros Funcionais e Cadastrais \u2013 DAP\/URFC.<\/strong>\n<ul class=\"wp-block-list\">\n<li>Os servidores que trabalham no HC devem enviar o processo para a <strong>Se\u00e7\u00e3o de PROTOCOLO do HC<\/strong>.<\/li>\n<\/ul>\n<\/li>\n<\/ol>\n\n\n\n<p><strong>Documentos necess\u00e1rios para solicitar Incentivo \u00e0 Qualifica\u00e7\u00e3o<\/strong><\/p>\n\n\n\n<p><em><strong>Para cursos de Gradua\u00e7\u00e3o<\/strong><\/em><\/p>\n\n\n\n<p>Para t\u00edtulo de Gradua\u00e7\u00e3o dever\u00e1 ser anexado c\u00f3pia de&nbsp;<strong>Diploma de Gradua\u00e7\u00e3o<\/strong>. Caso o diploma ainda n\u00e3o tenha sido expedido, obrigatoriamente dever\u00e1 ser apresentada&nbsp;<strong>Certid\u00e3o de Conclus\u00e3o do Curso<\/strong>, a qual deve conter o nome do (a) aluno (a), o nome do curso, a respectiva carga hor\u00e1ria, o per\u00edodo de realiza\u00e7\u00e3o, portaria do MEC de reconhecimento do curso, data de cola\u00e7\u00e3o de grau, data de expedi\u00e7\u00e3o da certid\u00e3o e o timbre da institui\u00e7\u00e3o expedidora.<\/p>\n\n\n\n<p><em><strong>Para cursos de Especializa\u00e7\u00e3o<\/strong><\/em><\/p>\n\n\n\n<p>Para t\u00edtulo de P\u00f3s-Gradua\u00e7\u00e3o L<em>ato Sensu<\/em>&nbsp;em n\u00edvel de Especializa\u00e7\u00e3o, dever\u00e1 ser apresentado o&nbsp; <strong>Certificado de Especializa\u00e7\u00e3o<\/strong>. Caso o certificado ainda n\u00e3o tenha sido emitido, obrigatoriamente dever\u00e1 ser apresentada a&nbsp;<strong>Certid\u00e3o de Conclus\u00e3o de Curso.<\/strong><\/p>\n\n\n\n<p>O Certificado ou Certid\u00e3o de Conclus\u00e3o deve mencionar a&nbsp;<strong>\u00e1rea de conhecimento do curso&nbsp;<\/strong>e estar acompanhado do respectivo&nbsp;<strong>hist\u00f3rico escolar<\/strong>, no qual devem constar, obrigatoriamente:<\/p>\n\n\n\n<ol class=\"wp-block-list\">\n<li>Rela\u00e7\u00e3o das disciplinas,&nbsp;carga hor\u00e1ria, nota ou conceito obtido pelo aluno;<\/li>\n\n\n\n<li>Identifica\u00e7\u00e3o do curso, per\u00edodo de realiza\u00e7\u00e3o, dura\u00e7\u00e3o total, especifica\u00e7\u00e3o da carga hor\u00e1ria de cada atividade acad\u00eamica;<\/li>\n\n\n\n<li>Elenco do corpo docente que efetivamente ministrou o curso, com sua respectiva titula\u00e7\u00e3o [se mestre, doutor&#8230;] (Resolu\u00e7\u00e3o CNE\/CES n\u00ba 1, de 6 de abril de 2018);<\/li>\n\n\n\n<li>T\u00edtulo da monografia ou do trabalho de conclus\u00e3o do curso e nota ou conceito obtido (quando for a Resolu\u00e7\u00e3o CNE\/CES n\u00ba 1, de\u202fjunho\/2007 ou outra que o exija);&nbsp;<\/li>\n\n\n\n<li>Declara\u00e7\u00e3o da institui\u00e7\u00e3o informando a qual Resolu\u00e7\u00e3o o curso atendeu, exemplo: CNE\/CES n\u00ba 1, de 8 de junho de 2007 , ou,&nbsp; Resolu\u00e7\u00e3o CNE\/CES n\u00ba 1 de 6 de abril de 2018;&nbsp; ou outra;<\/li>\n\n\n\n<li>Ato legal de credenciamento da institui\u00e7\u00e3o [cursos \u00e0 dist\u00e2ncia ou presenciais].<\/li>\n<\/ol>\n\n\n\n<p><em><strong>Para cursos de Mestrado e Doutorado<\/strong><\/em><\/p>\n\n\n\n<p>Para t\u00edtulo de P\u00f3s-Gradua\u00e7\u00e3o S<em>tricto Sensu&nbsp;<\/em>(Mestrado ou Doutorado) dever\u00e1 anexar c\u00f3pia do&nbsp;<strong>Diploma de Mestre ou Doutor (a)<\/strong>. Caso o diploma ainda n\u00e3o tenha sido expedido, obrigatoriamente, dever\u00e1 ser apresentada&nbsp;<strong>Certid\u00e3o de Conclus\u00e3o de Curso<\/strong>, na qual se afirme&nbsp;<strong>expressamente<\/strong>&nbsp;que&nbsp;foi obtido o t\u00edtulo de Mestre ou Doutor(a)&nbsp; e que \u201c<strong>n\u00e3o h\u00e1 quaisquer pend\u00eancias\u201d<\/strong> a serem supridas pelo (a) aluno (a) em rela\u00e7\u00e3o ao programa de p\u00f3s-gradua\u00e7\u00e3o, encontrando-se o diploma em fase de expedi\u00e7\u00e3o.<\/p>\n\n\n\n<p><strong>Sobre o Termo de Compromisso<\/strong><\/p>\n\n\n\n<p>Nos casos em que o (a) servidor (a) apresentar Certid\u00e3o de Conclus\u00e3o de Curso dever\u00e1 incluir o Termo de Compromisso. \u00c9 odocumento por meio do qual\u202f se compromete a apresentar o diploma ou certificado, no prazo m\u00e1ximo de 12 (doze) meses contados a partir de sua assinatura.<\/p>\n\n\n\n<p><strong>Legisla\u00e7\u00e3o<\/strong><\/p>\n\n\n\n<p><a href=\"http:\/\/www.planalto.gov.br\/ccivil_03\/_ato2004-2006\/2005\/lei\/l11091.htm\">Lei n\u00ba 11.091, de 12 de janeiro de 2005<\/a><\/p>\n\n\n\n<p>Disp\u00f5e sobre a estrutura\u00e7\u00e3o do Plano de Carreira dos Cargos T\u00e9cnico-Administrativos em Educa\u00e7\u00e3o, no \u00e2mbito das Institui\u00e7\u00f5es Federais de Ensino vinculadas ao Minist\u00e9rio da Educa\u00e7\u00e3o, e d\u00e1 outras provid\u00eancias.<\/p>\n\n\n\n<p>Lei n\u00ba 15.141, de 2 de junho de 2025<\/p>\n\n\n\n<p><a href=\"http:\/\/www.planalto.gov.br\/ccivil_03\/_ato2011-2014\/2012\/lei\/l12772.htm\">Reestrutura cargos efetivos, planos de cargos e carreiras (IV) dentre outras provid\u00eancias.<\/a><\/p>\n\n\n\n<p><a href=\"http:\/\/www.planalto.gov.br\/ccivil_03\/_ato2011-2014\/2012\/lei\/l12772.htm\">Lei n\u00ba 12.772, de 28 de dezembro de 2012<\/a><\/p>\n\n\n\n<p>Disp\u00f5e sobre a estrutura\u00e7\u00e3o do Plano de Carreiras e Cargos de Magist\u00e9rio Federal; sobre a Carreira do Magist\u00e9rio Superior, de que trata a Lei n\u00ba 7.596, de 10 de abril de 1987; sobre o Plano de Carreira e Cargos de Magist\u00e9rio do Ensino B\u00e1sico, T\u00e9cnico<\/p>\n\n\n\n<p><a href=\"http:\/\/www.planalto.gov.br\/ccivil_03\/_ato2004-2006\/2006\/decreto\/d5824.htm\">Decreto n\u00ba 5.824, de 29 de junho de 2006<\/a><\/p>\n\n\n\n<p>Estabelece os procedimentos para a concess\u00e3o do Incentivo \u00e0 Qualifica\u00e7\u00e3o e para a efetiva\u00e7\u00e3o do enquadramento por n\u00edvel de capacita\u00e7\u00e3o dos servidores integrantes do Plano de Carreira dos Cargos T\u00e9cnico-Administrativos em Educa\u00e7\u00e3o, institu\u00eddo pela Lei n<sup><u>o<\/u><\/sup>&nbsp;11.091, de 12 de janeiro de 2005.<\/p>\n\n\n\n<p><strong>Perguntas frequentes<\/strong><\/p>\n\n\n\n<p><em><strong>1) Como \u00e9 pago o Incentivo \u00e0 Qualifica\u00e7\u00e3o?<\/strong><\/em><\/p>\n\n\n\n<p>Os percentuais do incentivo incidem sobre o vencimento b\u00e1sico, n\u00e3o s\u00e3o acumul\u00e1veis (isto \u00e9, a aquisi\u00e7\u00e3o de um grau mais elevado de educa\u00e7\u00e3o formal enseja-lhe o pagamento equivalente, revogando-se o percentual menor anteriormente recebido. Prevalece o de maior percentual).<\/p>\n\n\n\n<p>Ser\u00e3o incorporados aos respectivos proventos de aposentadoria e pens\u00e3o.<\/p>\n\n\n\n<p><em><strong>2) H\u00e1 diferencia\u00e7\u00e3o no percentual do incentivo conforme a \u00e1rea da educa\u00e7\u00e3o formal do servidor?<\/strong><\/em><\/p>\n\n\n\n<p>N\u00e3o. A Lei 15.141\/2025 n\u00e3o faz essa distin\u00e7\u00e3o.<\/p>\n\n\n\n<p><em><strong>3) Quando o curso de gradua\u00e7\u00e3o \u00e9 considerado conclu\u00eddo?<\/strong><\/em><\/p>\n\n\n\n<p>Apenas ap\u00f3s a cola\u00e7\u00e3o de grau. Conforme esclarecimento do Parecer N\u00ba 3.316\/1976 do extinto Conselho Federal de Educa\u00e7\u00e3o (CFE): \u201cArt. 78. N\u00e3o \u00e9 receber diploma; \u00e9 \u201ccolar grau\u201d. O diploma \u00e9 ato posterior \u00e0 outorga do grau.\u201d\u201cArt. 120. \u00c9 preciso ficar claro que s\u00f3 se concede o diploma a quem colou grau.\u201d Isso, combinado ao artigo 53 da Lei 9.394\/1996: \u201cNo exerc\u00edcio de sua autonomia, s\u00e3o asseguradas \u00e0s universidades, sem preju\u00edzo de outras, as seguintes atribui\u00e7\u00f5es: (\u2026)VI \u2013 conferir graus, diplomas e outros t\u00edtulos;\u201d. No caso espec\u00edfico da UFPR, por exemplo, a quest\u00e3o \u00e9 regulamentada pelas Resolu\u00e7\u00f5es 09\/94 COUN e 02\/95 COUN. Adicionalmente, na se\u00e7\u00e3o de perguntas frequentes da p\u00e1gina de&nbsp;<em>internet<\/em>&nbsp;da Pr\u00f3-Reitoria de Pesquisa e P\u00f3s-Gradua\u00e7\u00e3o (PRPPG), tem-se que \u201cApenas ap\u00f3s o t\u00e9rmino da gradua\u00e7\u00e3o (cola\u00e7\u00e3o de grau) \u00e9 que se pode ingressar em uma p\u00f3s-gradua\u00e7\u00e3o\u201d PRPPG UFPR .<\/p>\n\n\n\n<p><em><strong>4) Estou aguardando a cola\u00e7\u00e3o de grau. J\u00e1 consegui uma certid\u00e3o de conclus\u00e3o do curso, na qual est\u00e1 informada a data prevista da cola\u00e7\u00e3o. Posso solicitar o Incentivo \u00e0 Qualifica\u00e7\u00e3o?<\/strong><\/em><\/p>\n\n\n\n<p>N\u00e3o. A certid\u00e3o de conclus\u00e3o emitida nessas circunst\u00e2ncias n\u00e3o ter\u00e1 validade, uma vez que se est\u00e1 diante de uma contradi\u00e7\u00e3o l\u00f3gica: se n\u00e3o houve a cola\u00e7\u00e3o de grau, o curso ainda n\u00e3o est\u00e1 formalmente conclu\u00eddo (vide pergunta anterior), e a certid\u00e3o de conclus\u00e3o n\u00e3o deveria ter sido emitida.<\/p>\n\n\n\n<p><em><strong>5) S\u00e3o v\u00e1lidos os cursos de gradua\u00e7\u00e3o e p\u00f3s-gradua\u00e7\u00e3o feitos \u00e0 dist\u00e2ncia?<\/strong><\/em><\/p>\n\n\n\n<p>Sim, desde que sejam cursos reconhecidos pelo MEC, no caso das gradua\u00e7\u00f5es, e que respeitem todos os preceitos da Resolu\u00e7\u00e3o CNE\/CES n\u00ba 1, de 06 de abril de 2018, no caso das p\u00f3s-gradua\u00e7\u00f5es lato sensu (especializa\u00e7\u00f5es). Esta est\u00e1 dispon\u00edvel em: Portal MEC.<\/p>\n\n\n\n<p><em><strong>6) Como saber se o curso de gradua\u00e7\u00e3o \u00e9 reconhecido pelo MEC ou se a p\u00f3s atende \u00e0 Resolu\u00e7\u00e3o?<\/strong><\/em><\/p>\n\n\n\n<p>Deve-se questionar a pr\u00f3pria institui\u00e7\u00e3o que oferece o curso.<\/p>\n\n\n\n<p><em><strong>7) Os cursos superiores de tecnologia (tecn\u00f3logo) s\u00e3o de gradua\u00e7\u00e3o?<\/strong><\/em><\/p>\n\n\n\n<p>Conforme a Resolu\u00e7\u00e3o CNE\/CP n\u00ba 3, de 18 de dezembro de 2002, artigo 4\u00ba, \u201cos cursos superiores de tecnologia s\u00e3o de gradua\u00e7\u00e3o, com caracter\u00edsticas especiais e obedecer\u00e3o \u00e0s diretrizes contidas no Parecer CNE\/CES 436\/2001 e conduzir\u00e3o \u00e0 obten\u00e7\u00e3o de diploma de tecn\u00f3logo\u201d.<\/p>\n\n\n\n<p><em><strong>8) Qual o n\u00edvel atribu\u00eddo aos cursos de MBA?<\/strong><\/em><\/p>\n\n\n\n<p>MBA, do ingl\u00eas&nbsp;<em>Master in Business Administration<\/em>&nbsp;(Mestrado em Administra\u00e7\u00e3o de Neg\u00f3cios), \u00e9 considerado, para o Conselho Nacional de Educa\u00e7\u00e3o (CNE), uma especializa\u00e7\u00e3o (p\u00f3s-gradua\u00e7\u00e3o lato sensu). Est\u00e1 sujeito, portanto, \u00e0 Resolu\u00e7\u00e3o CNE\/CES n\u00ba 1, de 06 de abril de 2018.<\/p>\n\n\n\n<p><em><strong>9) Como posso solicitar o Incentivo \u00e0 Qualifica\u00e7\u00e3o?<\/strong><\/em><\/p>\n\n\n\n<p>Implementada a escolaridade formal superior \u00e0quela exigida para o cargo, basta preencher o formul\u00e1rio dispon\u00edvel em: <em>Solicita\u00e7\u00e3o de Incentivo a Qualifica\u00e7\u00e3o<\/em>. As instru\u00e7\u00f5es quanto \u00e0 documenta\u00e7\u00e3o, elabora\u00e7\u00e3o e encaminhamento do processo est\u00e3o dispon\u00edveis na Base de Conhecimento do SEI ou, para servidores lotados no CHC, no pr\u00f3prio formul\u00e1rio.<\/p>\n\n\n\n<p><em><strong>10) Qual a data do reflexo financeiro da Acelera\u00e7\u00e3o da Progress\u00e3o por Capacita\u00e7\u00e3o ou do Incentivo \u00e0 Qualifica\u00e7\u00e3o?<\/strong><\/em><\/p>\n\n\n\n<p>A partir da data da abertura do processo se atendidos os pressupostos legais concomitantemente. Caso o processo seja devolvido ao(\u00e0) requerente para atendimento de requisito essencial, a data de concess\u00e3o ser\u00e1 considerada aquela em que o processo retornar com a provid\u00eancia cumprida.<\/p>\n\n\n\n<p><em><strong>11) Quando da concess\u00e3o do Incentivo \u00e0 Qualifica\u00e7\u00e3o, o processo foi instru\u00eddo com Termo de Compromisso para a apresenta\u00e7\u00e3o do Diploma \/ Certificado em at\u00e9 12 (doze) meses. J\u00e1 tenho o documento em m\u00e3os. Como devo proceder?<\/strong><\/em><\/p>\n\n\n\n<p>Basta reabrir o processo, incluir o certificado ou o diploma e conclu\u00ed-lo na unidade de lota\u00e7\u00e3o do servidor. Caso o servidor tenha mudado de setor ou tenha lota\u00e7\u00e3o no CHC, pode encaminhar o documento digitalizado para a SAT, via e-mail <a href=\"mailto:cdp.sat@ufpr.br\">cdp.sat@ufpr.br<\/a><\/p>\n\n\n\n<hr class=\"wp-block-separator has-alpha-channel-opacity\"\/>\n","protected":false},"excerpt":{"rendered":"<p>O Incentivo \u00e0 Qualifica\u00e7\u00e3o&nbsp;\u00e9 um benef\u00edcio concedido ao (a) servidor (a) t\u00e9cnico-administrativo que possuir educa\u00e7\u00e3o formal superior ao exigido para o cargo de que \u00e9 titular, na forma de regulamento. Foi institu\u00eddo pela Lei n\u00ba 11.091, de 12 de janeiro de 2005. Ter\u00e1 por base um percentual calculado sobre o padr\u00e3o de vencimento percebido pelo [&hellip;]<\/p>\n","protected":false},"author":41,"featured_media":0,"parent":0,"menu_order":0,"comment_status":"closed","ping_status":"closed","template":"","meta":{"_coblocks_attr":"","_coblocks_dimensions":"","_coblocks_responsive_height":"","_coblocks_accordion_ie_support":"","_uag_custom_page_level_css":"","iawp_total_views":1385,"footnotes":""},"class_list":["post-1821","page","type-page","status-publish","hentry"],"uagb_featured_image_src":{"full":false,"thumbnail":false,"medium":false,"medium_large":false,"large":false,"1536x1536":false,"2048x2048":false},"uagb_author_info":{"display_name":"progepe-admin","author_link":"https:\/\/progepe.ufpr.br\/capacitacao\/author\/progepe-admin\/"},"uagb_comment_info":0,"uagb_excerpt":"O Incentivo \u00e0 Qualifica\u00e7\u00e3o&nbsp;\u00e9 um benef\u00edcio concedido ao (a) servidor (a) t\u00e9cnico-administrativo que possuir educa\u00e7\u00e3o formal superior ao exigido para o cargo de que \u00e9 titular, na forma de regulamento. Foi institu\u00eddo pela Lei n\u00ba 11.091, de 12 de janeiro de 2005. Ter\u00e1 por base um percentual calculado sobre o padr\u00e3o de vencimento percebido pelo&hellip;","publishpress_future_workflow_manual_trigger":{"enabledWorkflows":[]},"_links":{"self":[{"href":"https:\/\/progepe.ufpr.br\/capacitacao\/wp-json\/wp\/v2\/pages\/1821","targetHints":{"allow":["GET"]}}],"collection":[{"href":"https:\/\/progepe.ufpr.br\/capacitacao\/wp-json\/wp\/v2\/pages"}],"about":[{"href":"https:\/\/progepe.ufpr.br\/capacitacao\/wp-json\/wp\/v2\/types\/page"}],"author":[{"embeddable":true,"href":"https:\/\/progepe.ufpr.br\/capacitacao\/wp-json\/wp\/v2\/users\/41"}],"replies":[{"embeddable":true,"href":"https:\/\/progepe.ufpr.br\/capacitacao\/wp-json\/wp\/v2\/comments?post=1821"}],"version-history":[{"count":3,"href":"https:\/\/progepe.ufpr.br\/capacitacao\/wp-json\/wp\/v2\/pages\/1821\/revisions"}],"predecessor-version":[{"id":78873,"href":"https:\/\/progepe.ufpr.br\/capacitacao\/wp-json\/wp\/v2\/pages\/1821\/revisions\/78873"}],"wp:attachment":[{"href":"https:\/\/progepe.ufpr.br\/capacitacao\/wp-json\/wp\/v2\/media?parent=1821"}],"curies":[{"name":"wp","href":"https:\/\/api.w.org\/{rel}","templated":true}]}}