{"id":1830,"date":"2021-04-21T14:36:23","date_gmt":"2021-04-21T17:36:23","guid":{"rendered":"https:\/\/www.prppg.ufpr.br\/site\/portalcapacitacao\/?page_id=1830"},"modified":"2021-04-21T14:36:23","modified_gmt":"2021-04-21T17:36:23","slug":"unidades-responsaveis","status":"publish","type":"page","link":"https:\/\/progepe.ufpr.br\/capacitacao\/unidades-responsaveis\/","title":{"rendered":"Unidades respons\u00e1veis"},"content":{"rendered":"<p>A <a href=\"https:\/\/progepe.ufpr.br\/capacitacao\/contato\/\">Se\u00e7\u00e3o de An\u00e1lise de T\u00edtulos &#8211; CDP\/SAT<\/a> \u00e9 respons\u00e1vel por analisar e emitir pareceres dos processos de <a href=\"https:\/\/progepe.ufpr.br\/capacitacao\/progressao-por-capacitacao\/\">Progress\u00e3o por Capacita\u00e7\u00e3o<\/a> e <a href=\"https:\/\/progepe.ufpr.br\/capacitacao\/incentivo-a-qualificacao\/\">Incentivo \u00e0 Qualifica\u00e7\u00e3o<\/a> dos servidores t\u00e9cnico-administrativos da Universidade Federal do Paran\u00e1 e atividades correlatas. As d\u00favidas podem ser enviadas para o <em>e-mail<\/em> cdp.sat@ufpr.br.<\/p>\n<hr \/>\n<p>A <a href=\"https:\/\/progepe.ufpr.br\/capacitacao\/contato\/\">Se\u00e7\u00e3o de Avalia\u00e7\u00e3o &#8211; CDP\/SAV<\/a> \u00e9 respons\u00e1vel por implantar, disponibilizar e controlar os procedimentos de <a href=\"https:\/\/progepe.ufpr.br\/capacitacao\/avaliacao-em-estagio-probatorio\/\">Avalia\u00e7\u00e3o em Est\u00e1gio Probat\u00f3rio<\/a> dos servidores docentes e t\u00e9cnico-administrativos e os procedimentos de <a href=\"https:\/\/progepe.ufpr.br\/capacitacao\/avaliacao-de-desempenho\/\">Avalia\u00e7\u00e3o de Desempenho<\/a> dos servidores t\u00e9cnico-administrativos da Universidade Federal do Paran\u00e1 e atividades correlatas. As d\u00favidas podem ser enviadas para o <em>e-mail<\/em> sav.cdp@ufpr.br.<\/p>\n","protected":false},"excerpt":{"rendered":"<p>A Se\u00e7\u00e3o de An\u00e1lise de T\u00edtulos &#8211; CDP\/SAT \u00e9 respons\u00e1vel por analisar e emitir pareceres dos processos de Progress\u00e3o por Capacita\u00e7\u00e3o e Incentivo \u00e0 Qualifica\u00e7\u00e3o dos servidores t\u00e9cnico-administrativos da Universidade Federal do Paran\u00e1 e atividades correlatas. As d\u00favidas podem ser enviadas para o e-mail cdp.sat@ufpr.br. A Se\u00e7\u00e3o de Avalia\u00e7\u00e3o &#8211; CDP\/SAV \u00e9 respons\u00e1vel por implantar, [&hellip;]<\/p>\n","protected":false},"author":41,"featured_media":0,"parent":0,"menu_order":0,"comment_status":"closed","ping_status":"closed","template":"","meta":{"_coblocks_attr":"","_coblocks_dimensions":"","_coblocks_responsive_height":"","_coblocks_accordion_ie_support":"","_uag_custom_page_level_css":"","iawp_total_views":60,"footnotes":""},"class_list":["post-1830","page","type-page","status-publish","hentry"],"uagb_featured_image_src":{"full":false,"thumbnail":false,"medium":false,"medium_large":false,"large":false,"1536x1536":false,"2048x2048":false},"uagb_author_info":{"display_name":"progepe-admin","author_link":"https:\/\/progepe.ufpr.br\/capacitacao\/author\/progepe-admin\/"},"uagb_comment_info":0,"uagb_excerpt":"A Se\u00e7\u00e3o de An\u00e1lise de T\u00edtulos &#8211; CDP\/SAT \u00e9 respons\u00e1vel por analisar e emitir pareceres dos processos de Progress\u00e3o por Capacita\u00e7\u00e3o e Incentivo \u00e0 Qualifica\u00e7\u00e3o dos servidores t\u00e9cnico-administrativos da Universidade Federal do Paran\u00e1 e atividades correlatas. As d\u00favidas podem ser enviadas para o e-mail cdp.sat@ufpr.br. A Se\u00e7\u00e3o de Avalia\u00e7\u00e3o &#8211; CDP\/SAV \u00e9 respons\u00e1vel por implantar,&hellip;","publishpress_future_workflow_manual_trigger":{"enabledWorkflows":[]},"_links":{"self":[{"href":"https:\/\/progepe.ufpr.br\/capacitacao\/wp-json\/wp\/v2\/pages\/1830","targetHints":{"allow":["GET"]}}],"collection":[{"href":"https:\/\/progepe.ufpr.br\/capacitacao\/wp-json\/wp\/v2\/pages"}],"about":[{"href":"https:\/\/progepe.ufpr.br\/capacitacao\/wp-json\/wp\/v2\/types\/page"}],"author":[{"embeddable":true,"href":"https:\/\/progepe.ufpr.br\/capacitacao\/wp-json\/wp\/v2\/users\/41"}],"replies":[{"embeddable":true,"href":"https:\/\/progepe.ufpr.br\/capacitacao\/wp-json\/wp\/v2\/comments?post=1830"}],"version-history":[{"count":0,"href":"https:\/\/progepe.ufpr.br\/capacitacao\/wp-json\/wp\/v2\/pages\/1830\/revisions"}],"wp:attachment":[{"href":"https:\/\/progepe.ufpr.br\/capacitacao\/wp-json\/wp\/v2\/media?parent=1830"}],"curies":[{"name":"wp","href":"https:\/\/api.w.org\/{rel}","templated":true}]}}