{"id":1888,"date":"2021-04-21T17:11:45","date_gmt":"2021-04-21T20:11:45","guid":{"rendered":"https:\/\/www.prppg.ufpr.br\/site\/portalcapacitacao\/?page_id=1888"},"modified":"2021-04-21T17:11:45","modified_gmt":"2021-04-21T20:11:45","slug":"unidades-responsaveis-2","status":"publish","type":"page","link":"https:\/\/progepe.ufpr.br\/capacitacao\/unidades-responsaveis-2\/","title":{"rendered":"Unidades respons\u00e1veis"},"content":{"rendered":"<p>A <strong>Unidade de Normatiza\u00e7\u00e3o &#8211; DAP\/UN<\/strong> \u00e9 respons\u00e1vel por orientar os servidores sobre a legisla\u00e7\u00e3o aplic\u00e1vel em quest\u00f5es relativas \u00e0s atividades inerentes \u00e0 Pr\u00f3-Reitoria de Gest\u00e3o de Pessoas e atividades correlatas. As d\u00favidas relacionadas. As d\u00favidas relacionadas \u00e0 legisla\u00e7\u00e3o e tr\u00e2mites quanto a <a href=\"https:\/\/progepe.ufpr.br\/capacitacao\/licenca-para-capacitacao\/\">Licen\u00e7a para Capacita\u00e7\u00e3o<\/a>, <a href=\"https:\/\/progepe.ufpr.br\/capacitacao\/evento\/\">Afastamento para Evento<\/a> e Afastamento para Estudo (<a href=\"https:\/\/progepe.ufpr.br\/capacitacao\/programa-de-pos-graduacao\/\">P\u00f3s-Gradua\u00e7\u00e3o <em>Stricto Sensu<\/em><\/a> e <a href=\"https:\/\/progepe.ufpr.br\/capacitacao\/pos-doutorado\/\">P\u00f3s-Doutorado<\/a>) podem ser enviadas para a Unidade de Normatiza\u00e7\u00e3o \u2013 DAP\/UN (dap.un@ufpr.br).<\/p>\n<hr \/>\n<p>A <a href=\"https:\/\/progepe.ufpr.br\/capacitacao\/contato\/\"><strong>Coordenadoria de Desenvolvimento de Pessoas &#8211; PROGEPE\/CDP<\/strong><\/a> \u00e9 respons\u00e1vel por planejar, organizar, supervisionar, orientar e fomentar o desenvolvimento da pol\u00edtica e as diretrizes para o desenvolvimento de pessoal. As d\u00favidas relacionadas ao Plano de Desenvolvimento de Pessoas (PDP) e documentos comprobat\u00f3rios da Licen\u00e7a para Capacita\u00e7\u00e3o, Afastamento para Evento e Afastamento para Estudo podem ser enviadas para a Coordenadoria de Desenvolvimento de Pessoas \u2013 PROGEPE\/CDP (cdp.progepe@ufpr.br).<\/p>\n","protected":false},"excerpt":{"rendered":"<p>A Unidade de Normatiza\u00e7\u00e3o &#8211; DAP\/UN \u00e9 respons\u00e1vel por orientar os servidores sobre a legisla\u00e7\u00e3o aplic\u00e1vel em quest\u00f5es relativas \u00e0s atividades inerentes \u00e0 Pr\u00f3-Reitoria de Gest\u00e3o de Pessoas e atividades correlatas. As d\u00favidas relacionadas. As d\u00favidas relacionadas \u00e0 legisla\u00e7\u00e3o e tr\u00e2mites quanto a Licen\u00e7a para Capacita\u00e7\u00e3o, Afastamento para Evento e Afastamento para Estudo (P\u00f3s-Gradua\u00e7\u00e3o Stricto [&hellip;]<\/p>\n","protected":false},"author":41,"featured_media":0,"parent":0,"menu_order":0,"comment_status":"closed","ping_status":"closed","template":"","meta":{"_coblocks_attr":"","_coblocks_dimensions":"","_coblocks_responsive_height":"","_coblocks_accordion_ie_support":"","_uag_custom_page_level_css":"","iawp_total_views":46,"footnotes":""},"class_list":["post-1888","page","type-page","status-publish","hentry"],"uagb_featured_image_src":{"full":false,"thumbnail":false,"medium":false,"medium_large":false,"large":false,"1536x1536":false,"2048x2048":false},"uagb_author_info":{"display_name":"progepe-admin","author_link":"https:\/\/progepe.ufpr.br\/capacitacao\/author\/progepe-admin\/"},"uagb_comment_info":0,"uagb_excerpt":"A Unidade de Normatiza\u00e7\u00e3o &#8211; DAP\/UN \u00e9 respons\u00e1vel por orientar os servidores sobre a legisla\u00e7\u00e3o aplic\u00e1vel em quest\u00f5es relativas \u00e0s atividades inerentes \u00e0 Pr\u00f3-Reitoria de Gest\u00e3o de Pessoas e atividades correlatas. As d\u00favidas relacionadas. As d\u00favidas relacionadas \u00e0 legisla\u00e7\u00e3o e tr\u00e2mites quanto a Licen\u00e7a para Capacita\u00e7\u00e3o, Afastamento para Evento e Afastamento para Estudo (P\u00f3s-Gradua\u00e7\u00e3o Stricto&hellip;","publishpress_future_workflow_manual_trigger":{"enabledWorkflows":[]},"_links":{"self":[{"href":"https:\/\/progepe.ufpr.br\/capacitacao\/wp-json\/wp\/v2\/pages\/1888","targetHints":{"allow":["GET"]}}],"collection":[{"href":"https:\/\/progepe.ufpr.br\/capacitacao\/wp-json\/wp\/v2\/pages"}],"about":[{"href":"https:\/\/progepe.ufpr.br\/capacitacao\/wp-json\/wp\/v2\/types\/page"}],"author":[{"embeddable":true,"href":"https:\/\/progepe.ufpr.br\/capacitacao\/wp-json\/wp\/v2\/users\/41"}],"replies":[{"embeddable":true,"href":"https:\/\/progepe.ufpr.br\/capacitacao\/wp-json\/wp\/v2\/comments?post=1888"}],"version-history":[{"count":0,"href":"https:\/\/progepe.ufpr.br\/capacitacao\/wp-json\/wp\/v2\/pages\/1888\/revisions"}],"wp:attachment":[{"href":"https:\/\/progepe.ufpr.br\/capacitacao\/wp-json\/wp\/v2\/media?parent=1888"}],"curies":[{"name":"wp","href":"https:\/\/api.w.org\/{rel}","templated":true}]}}