{"id":1901,"date":"2021-04-21T17:37:32","date_gmt":"2021-04-21T20:37:32","guid":{"rendered":"https:\/\/www.prppg.ufpr.br\/site\/portalcapacitacao\/?page_id=1901"},"modified":"2025-02-21T16:05:49","modified_gmt":"2025-02-21T19:05:49","slug":"auxilio-para-capacitacao-2","status":"publish","type":"page","link":"https:\/\/progepe.ufpr.br\/capacitacao\/auxilio-para-capacitacao-2\/","title":{"rendered":"Aux\u00edlio para Capacita\u00e7\u00e3o"},"content":{"rendered":"<p>O\u00a0<strong>Aux\u00edlio Capacita\u00e7\u00e3o<\/strong>\u00a0\u00e9 concedido ao (a) servidor (a) para custear a\u00e7\u00f5es de desenvolvimento, capacita\u00e7\u00e3o ou treinamento regularmente institu\u00eddo que atendam as necessidades e interesses institucionais. A despesa com a\u00e7\u00f5es de desenvolvimento est\u00e1 prevista no Decreto n\u00ba 9.991, de 28 de agosto de 2019, e na <a href=\"https:\/\/progepe.ufpr.br\/portarias\/progepe-2013-01889\/\">Portaria n\u00ba 1.889\/PROGEPE, de 20 de maio de 2013<\/a>.<\/p>\n<hr \/>\n<p><strong>Como solicitar o Aux\u00edlio Capacita\u00e7\u00e3o?<\/strong><\/p>\n<p>Para solicitar Aux\u00edlio Capacita\u00e7\u00e3o, o (a) servidor (a) deve abrir processo no SEI\/UFPR contendo os seguintes documentos:<\/p>\n<ul>\n<li>Of\u00edcio da chefia imediata contendo os dados do (a) servidor (a) interessado, fundamenta\u00e7\u00e3o acerca da relev\u00e2ncia alinhada aos objetivos institucionais e interesse institucional da participa\u00e7\u00e3o do (a) mesmo (a) na a\u00e7\u00e3o pleiteada.<\/li>\n<li>C\u00f3pia da pr\u00e9-inscri\u00e7\u00e3o realizada na a\u00e7\u00e3o de desenvolvimento, capacita\u00e7\u00e3o ou treinamento regularmente institu\u00eddo.<\/li>\n<li>Documenta\u00e7\u00e3o relativa a a\u00e7\u00e3o que identifique sua finalidade, data de realiza\u00e7\u00e3o, local e valor do investimento, al\u00e9m dos dados da institui\u00e7\u00e3o organizadora.<\/li>\n<\/ul>\n<p><strong><em>Aten\u00e7\u00e3o!<\/em><\/strong><\/p>\n<ul>\n<li>A a\u00e7\u00e3o de desenvolvimento deve ter a anu\u00eancia da Administra\u00e7\u00e3o e estar no planejamento interno da unidade de lota\u00e7\u00e3o do (a) servidor (a).<\/li>\n<li>Somente ser\u00e3o apreciados os processos encaminhados com anteced\u00eancia m\u00ednima de 30 (trinta) dias do in\u00edcio da a\u00e7\u00e3o de desenvolvimento, capacita\u00e7\u00e3o ou treinamento regularmente institu\u00eddo para PROGEPE\/CDP.<\/li>\n<li>Ao final da a\u00e7\u00e3o de desenvolvimento o (a) servidor (a) dever\u00e1 encaminhar no prazo m\u00e1ximo de 30 (trinta) dias, relat\u00f3rio com o conte\u00fado ministrado, bem como materiais did\u00e1ticos disponibilizados pela institui\u00e7\u00e3o para que o conhecimento seja disseminado na UFPR.<\/li>\n<li>O aux\u00edlio somente poder\u00e1 ser concedido se a a\u00e7\u00e3o de desenvolvimento pleiteada n\u00e3o for objeto dos Programas de Capacita\u00e7\u00e3o dos (as) servidores (as) da UFPR e estiver prevista no Plano de Desenvolvimento de Pessoas (PDP) em vig\u00eancia.<\/li>\n<li>Quando se tratar da mesma a\u00e7\u00e3o de desenvolvimento, o aux\u00edlio poder\u00e1 ser concedido para apenas 01 (um) servidor (a) por Pr\u00f3-Reitoria, Setor, \u00d3rg\u00e3os Suplementares ou Unidades equivalentes.<\/li>\n<li>O deferimento do aux\u00edlio somente poder\u00e1 ser feito mediante a disponibilidade or\u00e7ament\u00e1ria destinada para esta finalidade.<\/li>\n<\/ul>\n<hr \/>\n<p><strong>Legisla\u00e7\u00e3o<\/strong><\/p>\n<p><a href=\"http:\/\/www.planalto.gov.br\/ccivil_03\/_Ato2019-2022\/2019\/Decreto\/D9991.htm\">Decreto n\u00ba 9.991, de 28 de agosto de 2019.\u00a0<\/a><\/p>\n<p>Disp\u00f5e sobre a Pol\u00edtica Nacional de Desenvolvimento de Pessoas da administra\u00e7\u00e3o p\u00fablica federal direta, aut\u00e1rquica e fundacional, e regulamenta dispositivos da Lei n\u00ba 8.112, de 11 de dezembro de 1990, quanto a licen\u00e7as e afastamentos para a\u00e7\u00f5es de desenvolvimento.<\/p>\n<p><a href=\"https:\/\/www.in.gov.br\/en\/web\/dou\/-\/instrucao-normativa-sgp-enap\/sedgg\/me-n-21-de-1-de-fevereiro-de-2021-302021570\">Instru\u00e7\u00e3o Normativa n\u00ba 21, de 1\u00ba de fevereiro de 2021.<\/a><\/p>\n<p>Estabelece orienta\u00e7\u00f5es aos \u00f3rg\u00e3os do Sistema de Pessoal Civil da Administra\u00e7\u00e3o P\u00fablica Federal \u2013 SIPEC, quanto aos prazos, condi\u00e7\u00f5es, crit\u00e9rios e procedimentos para a implementa\u00e7\u00e3o da Pol\u00edtica Nacional de Desenvolvimento de Pessoas \u2013 PNDP de que trata o Decreto n\u00ba 9.991, de 28 de agosto de 2019.<\/p>\n<p><a href=\"https:\/\/progepe.ufpr.br\/portarias\/progepe-2013-01889\/\">Portaria 1.889-2013 PROGEPE<\/a><\/p>\n<p>Estabelece crit\u00e9rios para a concess\u00e3o de aux\u00edlio para participa\u00e7\u00e3o em a\u00e7\u00f5es de capacita\u00e7\u00e3o.<\/p>\n<hr \/>\n<p><strong>Atualizado em 22\/01\/2021<\/strong><\/p>\n","protected":false},"excerpt":{"rendered":"<p>O\u00a0Aux\u00edlio Capacita\u00e7\u00e3o\u00a0\u00e9 concedido ao (a) servidor (a) para custear a\u00e7\u00f5es de desenvolvimento, capacita\u00e7\u00e3o ou treinamento regularmente institu\u00eddo que atendam as necessidades e interesses institucionais. A despesa com a\u00e7\u00f5es de desenvolvimento est\u00e1 prevista no Decreto n\u00ba 9.991, de 28 de agosto de 2019, e na Portaria n\u00ba 1.889\/PROGEPE, de 20 de maio de 2013. Como solicitar [&hellip;]<\/p>\n","protected":false},"author":41,"featured_media":0,"parent":0,"menu_order":0,"comment_status":"closed","ping_status":"closed","template":"","meta":{"_coblocks_attr":"","_coblocks_dimensions":"","_coblocks_responsive_height":"","_coblocks_accordion_ie_support":"","_uag_custom_page_level_css":"","iawp_total_views":412,"footnotes":""},"class_list":["post-1901","page","type-page","status-publish","hentry"],"uagb_featured_image_src":{"full":false,"thumbnail":false,"medium":false,"medium_large":false,"large":false,"1536x1536":false,"2048x2048":false},"uagb_author_info":{"display_name":"progepe-admin","author_link":"https:\/\/progepe.ufpr.br\/capacitacao\/author\/progepe-admin\/"},"uagb_comment_info":0,"uagb_excerpt":"O\u00a0Aux\u00edlio Capacita\u00e7\u00e3o\u00a0\u00e9 concedido ao (a) servidor (a) para custear a\u00e7\u00f5es de desenvolvimento, capacita\u00e7\u00e3o ou treinamento regularmente institu\u00eddo que atendam as necessidades e interesses institucionais. A despesa com a\u00e7\u00f5es de desenvolvimento est\u00e1 prevista no Decreto n\u00ba 9.991, de 28 de agosto de 2019, e na Portaria n\u00ba 1.889\/PROGEPE, de 20 de maio de 2013. Como solicitar&hellip;","publishpress_future_workflow_manual_trigger":{"enabledWorkflows":[]},"_links":{"self":[{"href":"https:\/\/progepe.ufpr.br\/capacitacao\/wp-json\/wp\/v2\/pages\/1901","targetHints":{"allow":["GET"]}}],"collection":[{"href":"https:\/\/progepe.ufpr.br\/capacitacao\/wp-json\/wp\/v2\/pages"}],"about":[{"href":"https:\/\/progepe.ufpr.br\/capacitacao\/wp-json\/wp\/v2\/types\/page"}],"author":[{"embeddable":true,"href":"https:\/\/progepe.ufpr.br\/capacitacao\/wp-json\/wp\/v2\/users\/41"}],"replies":[{"embeddable":true,"href":"https:\/\/progepe.ufpr.br\/capacitacao\/wp-json\/wp\/v2\/comments?post=1901"}],"version-history":[{"count":1,"href":"https:\/\/progepe.ufpr.br\/capacitacao\/wp-json\/wp\/v2\/pages\/1901\/revisions"}],"predecessor-version":[{"id":77652,"href":"https:\/\/progepe.ufpr.br\/capacitacao\/wp-json\/wp\/v2\/pages\/1901\/revisions\/77652"}],"wp:attachment":[{"href":"https:\/\/progepe.ufpr.br\/capacitacao\/wp-json\/wp\/v2\/media?parent=1901"}],"curies":[{"name":"wp","href":"https:\/\/api.w.org\/{rel}","templated":true}]}}