{"id":1923,"date":"2021-04-21T18:42:41","date_gmt":"2021-04-21T21:42:41","guid":{"rendered":"https:\/\/www.prppg.ufpr.br\/site\/portalcapacitacao\/?page_id=1923"},"modified":"2021-04-21T18:42:41","modified_gmt":"2021-04-21T21:42:41","slug":"unidade-responsavel","status":"publish","type":"page","link":"https:\/\/progepe.ufpr.br\/capacitacao\/unidade-responsavel\/","title":{"rendered":"Unidade respons\u00e1vel"},"content":{"rendered":"<p>A <a href=\"https:\/\/progepe.ufpr.br\/capacitacao\/contato\/\">Unidade de Capacita\u00e7\u00e3o e Qualifica\u00e7\u00e3o &#8211; CDP\/UCAQ<\/a> \u00e9 respons\u00e1vel por supervisionar e executar as atividades relativas \u00e0 capacita\u00e7\u00e3o e qualifica\u00e7\u00e3o dos servidores da Universidade Federal do Paran\u00e1 e atividades correlatas. As d\u00favidas em rela\u00e7\u00e3o ao Programa de Capacita\u00e7\u00e3o, <a href=\"https:\/\/progepe.ufpr.br\/capacitacao\/vivencias-formativas-para-docentes\/\">Viv\u00eancias Formativas para Docentes<\/a>, <a href=\"https:\/\/progepe.ufpr.br\/capacitacao\/programa-de-incentivo-a-qualificacao-piq\/\">Programa de Incentivo \u00e0 Qualifica\u00e7\u00e3o (PIQ)<\/a>, <a href=\"https:\/\/progepe.ufpr.br\/capacitacao\/auxilio-para-capacitacao-2\/\">Aux\u00edlio para Capacita\u00e7\u00e3o<\/a> podem ser enviadas para o <em>e-mail<\/em> ucaq@ufpr.br.<\/p>\n","protected":false},"excerpt":{"rendered":"<p>A Unidade de Capacita\u00e7\u00e3o e Qualifica\u00e7\u00e3o &#8211; CDP\/UCAQ \u00e9 respons\u00e1vel por supervisionar e executar as atividades relativas \u00e0 capacita\u00e7\u00e3o e qualifica\u00e7\u00e3o dos servidores da Universidade Federal do Paran\u00e1 e atividades correlatas. As d\u00favidas em rela\u00e7\u00e3o ao Programa de Capacita\u00e7\u00e3o, Viv\u00eancias Formativas para Docentes, Programa de Incentivo \u00e0 Qualifica\u00e7\u00e3o (PIQ), Aux\u00edlio para Capacita\u00e7\u00e3o podem ser enviadas [&hellip;]<\/p>\n","protected":false},"author":41,"featured_media":0,"parent":0,"menu_order":0,"comment_status":"closed","ping_status":"closed","template":"","meta":{"_coblocks_attr":"","_coblocks_dimensions":"","_coblocks_responsive_height":"","_coblocks_accordion_ie_support":"","_uag_custom_page_level_css":"","iawp_total_views":59,"footnotes":""},"class_list":["post-1923","page","type-page","status-publish","hentry"],"uagb_featured_image_src":{"full":false,"thumbnail":false,"medium":false,"medium_large":false,"large":false,"1536x1536":false,"2048x2048":false},"uagb_author_info":{"display_name":"progepe-admin","author_link":"https:\/\/progepe.ufpr.br\/capacitacao\/author\/progepe-admin\/"},"uagb_comment_info":0,"uagb_excerpt":"A Unidade de Capacita\u00e7\u00e3o e Qualifica\u00e7\u00e3o &#8211; CDP\/UCAQ \u00e9 respons\u00e1vel por supervisionar e executar as atividades relativas \u00e0 capacita\u00e7\u00e3o e qualifica\u00e7\u00e3o dos servidores da Universidade Federal do Paran\u00e1 e atividades correlatas. As d\u00favidas em rela\u00e7\u00e3o ao Programa de Capacita\u00e7\u00e3o, Viv\u00eancias Formativas para Docentes, Programa de Incentivo \u00e0 Qualifica\u00e7\u00e3o (PIQ), Aux\u00edlio para Capacita\u00e7\u00e3o podem ser enviadas&hellip;","publishpress_future_workflow_manual_trigger":{"enabledWorkflows":[]},"_links":{"self":[{"href":"https:\/\/progepe.ufpr.br\/capacitacao\/wp-json\/wp\/v2\/pages\/1923","targetHints":{"allow":["GET"]}}],"collection":[{"href":"https:\/\/progepe.ufpr.br\/capacitacao\/wp-json\/wp\/v2\/pages"}],"about":[{"href":"https:\/\/progepe.ufpr.br\/capacitacao\/wp-json\/wp\/v2\/types\/page"}],"author":[{"embeddable":true,"href":"https:\/\/progepe.ufpr.br\/capacitacao\/wp-json\/wp\/v2\/users\/41"}],"replies":[{"embeddable":true,"href":"https:\/\/progepe.ufpr.br\/capacitacao\/wp-json\/wp\/v2\/comments?post=1923"}],"version-history":[{"count":0,"href":"https:\/\/progepe.ufpr.br\/capacitacao\/wp-json\/wp\/v2\/pages\/1923\/revisions"}],"wp:attachment":[{"href":"https:\/\/progepe.ufpr.br\/capacitacao\/wp-json\/wp\/v2\/media?parent=1923"}],"curies":[{"name":"wp","href":"https:\/\/api.w.org\/{rel}","templated":true}]}}