{"id":400,"date":"2020-06-10T15:31:17","date_gmt":"2020-06-10T18:31:17","guid":{"rendered":"https:\/\/www.prppg.ufpr.br\/site\/portalcapacitacao\/?page_id=400"},"modified":"2020-06-10T15:31:17","modified_gmt":"2020-06-10T18:31:17","slug":"relatorio-de-execucao-pdp-2020","status":"publish","type":"page","link":"https:\/\/progepe.ufpr.br\/capacitacao\/relatorio-de-execucao-pdp-2020\/","title":{"rendered":"Plano Consolidado"},"content":{"rendered":"<h6><strong>Plano de Desenvolvimento de Pessoas (PDP) \u2013 2020\/2021<\/strong><\/h6>\n<ol>\n<li>Portf\u00f3lio ENAP &#8211; PDP UFPR (ENAP n\u00e3o enviou devolutiva)<\/li>\n<li>Portf\u00f3lio ENAP &#8211; 1\u00ba Ciclo de <a href=\"https:\/\/progepe.ufpr.br\/capacitacao\/wp-content\/uploads\/2021\/04\/ufpr-revisao-marco.xlsx\">UFPR revis\u00e3o mar\u00e7o<\/a><\/li>\n<\/ol>\n<hr \/>\n<h6><strong>Plano de Desenvolvimento de Pessoas (PDP) \u2013 2019\/2020<\/strong><\/h6>\n<ol>\n<li>Portf\u00f3lio ENAP &#8211; PDP <a href=\"https:\/\/progepe.ufpr.br\/capacitacao\/wp-content\/uploads\/2021\/04\/ufpr-pdp-2019-2020.pdf\">UFPR PDP 2019-2020<\/a><\/li>\n<li>Portf\u00f3lio ENAP &#8211; 2\u00ba Ciclo de <a href=\"https:\/\/progepe.ufpr.br\/capacitacao\/wp-content\/uploads\/2021\/04\/ufpr-revisao-2.pdf\">UFPR &#8211; Revis\u00e3o 2<\/a><\/li>\n<li>Portf\u00f3lio ENAP &#8211; 3\u00ba Ciclo de <a href=\"https:\/\/progepe.ufpr.br\/capacitacao\/wp-content\/uploads\/2021\/04\/ufpr-revisao-3.xlsx\">UFPR &#8211; Revis\u00e3o 3<\/a><\/li>\n<li>Portf\u00f3lio ENAP &#8211; 6\u00ba Ciclo de <a href=\"https:\/\/progepe.ufpr.br\/capacitacao\/wp-content\/uploads\/2021\/04\/ufpr-revisao-6.pdf\">UFPR &#8211; Revis\u00e3o 6<\/a><\/li>\n<\/ol>\n<hr \/>\n<h6><strong>Atualizado em 25\/03\/2021<\/strong><\/h6>\n","protected":false},"excerpt":{"rendered":"<p>Plano de Desenvolvimento de Pessoas (PDP) \u2013 2020\/2021 Portf\u00f3lio ENAP &#8211; PDP UFPR (ENAP n\u00e3o enviou devolutiva) Portf\u00f3lio ENAP &#8211; 1\u00ba Ciclo de UFPR revis\u00e3o mar\u00e7o Plano de Desenvolvimento de Pessoas (PDP) \u2013 2019\/2020 Portf\u00f3lio ENAP &#8211; PDP UFPR PDP 2019-2020 Portf\u00f3lio ENAP &#8211; 2\u00ba Ciclo de UFPR &#8211; Revis\u00e3o 2 Portf\u00f3lio ENAP &#8211; 3\u00ba [&hellip;]<\/p>\n","protected":false},"author":41,"featured_media":0,"parent":0,"menu_order":0,"comment_status":"closed","ping_status":"closed","template":"","meta":{"_coblocks_attr":"","_coblocks_dimensions":"","_coblocks_responsive_height":"","_coblocks_accordion_ie_support":"","_uag_custom_page_level_css":"","iawp_total_views":4,"footnotes":""},"class_list":["post-400","page","type-page","status-publish","hentry"],"uagb_featured_image_src":{"full":false,"thumbnail":false,"medium":false,"medium_large":false,"large":false,"1536x1536":false,"2048x2048":false},"uagb_author_info":{"display_name":"progepe-admin","author_link":"https:\/\/progepe.ufpr.br\/capacitacao\/author\/progepe-admin\/"},"uagb_comment_info":0,"uagb_excerpt":"Plano de Desenvolvimento de Pessoas (PDP) \u2013 2020\/2021 Portf\u00f3lio ENAP &#8211; PDP UFPR (ENAP n\u00e3o enviou devolutiva) Portf\u00f3lio ENAP &#8211; 1\u00ba Ciclo de UFPR revis\u00e3o mar\u00e7o Plano de Desenvolvimento de Pessoas (PDP) \u2013 2019\/2020 Portf\u00f3lio ENAP &#8211; PDP UFPR PDP 2019-2020 Portf\u00f3lio ENAP &#8211; 2\u00ba Ciclo de UFPR &#8211; Revis\u00e3o 2 Portf\u00f3lio ENAP &#8211; 3\u00ba&hellip;","publishpress_future_workflow_manual_trigger":{"enabledWorkflows":[]},"_links":{"self":[{"href":"https:\/\/progepe.ufpr.br\/capacitacao\/wp-json\/wp\/v2\/pages\/400","targetHints":{"allow":["GET"]}}],"collection":[{"href":"https:\/\/progepe.ufpr.br\/capacitacao\/wp-json\/wp\/v2\/pages"}],"about":[{"href":"https:\/\/progepe.ufpr.br\/capacitacao\/wp-json\/wp\/v2\/types\/page"}],"author":[{"embeddable":true,"href":"https:\/\/progepe.ufpr.br\/capacitacao\/wp-json\/wp\/v2\/users\/41"}],"replies":[{"embeddable":true,"href":"https:\/\/progepe.ufpr.br\/capacitacao\/wp-json\/wp\/v2\/comments?post=400"}],"version-history":[{"count":0,"href":"https:\/\/progepe.ufpr.br\/capacitacao\/wp-json\/wp\/v2\/pages\/400\/revisions"}],"wp:attachment":[{"href":"https:\/\/progepe.ufpr.br\/capacitacao\/wp-json\/wp\/v2\/media?parent=400"}],"curies":[{"name":"wp","href":"https:\/\/api.w.org\/{rel}","templated":true}]}}