{"id":490,"date":"2020-07-07T14:13:44","date_gmt":"2020-07-07T17:13:44","guid":{"rendered":"https:\/\/www.prppg.ufpr.br\/site\/portalcapacitacao\/?page_id=490"},"modified":"2025-08-18T11:43:50","modified_gmt":"2025-08-18T14:43:50","slug":"calendario-editais-afastamento","status":"publish","type":"page","link":"https:\/\/progepe.ufpr.br\/capacitacao\/calendario-editais-afastamento\/","title":{"rendered":"Editais para afastamentos"},"content":{"rendered":"\n<p>A Pol\u00edtica Nacional de Desenvolvimento de Pessoas (PNDP) de que trata o Decreto n\u00ba 9.991, de 28 de agosto de 2019, estabelece que os afastamentos dos(as) servidores(as) para participar de Programas de P\u00f3s-Gradua\u00e7\u00e3o <em>Stricto Sensu<\/em> e P\u00f3s-Doutorado devem participar de processo seletivo, conduzido e regulado pelos \u00f3rg\u00e3os e pelas entidades integrantes do Sistema de Pessoal Civil da Administra\u00e7\u00e3o Federal (SIPEC), com crit\u00e9rios de elegibilidade ison\u00f4micos e transparentes.<\/p>\n\n\n\n<p>Os processos seletivos para servidores(as) das carreiras T\u00e9cnico-Administrativo em Educa\u00e7\u00e3o, Magist\u00e9rio Superior e Magist\u00e9rio do Ensino B\u00e1sico, T\u00e9cnico e Tecnol\u00f3gico, interessados(as) em solicitar afastamento integral para participa\u00e7\u00e3o em Programa de P\u00f3s-Gradua\u00e7\u00e3o <em>Stricto Sensu<\/em> ou P\u00f3s-Doutorado seguem o seguinte cronograma:<\/p>\n\n\n\n<div style=\"height:0.5em\" aria-hidden=\"true\" class=\"wp-block-spacer\"><\/div>\n\n\n\n<figure class=\"wp-block-table aligncenter is-style-regular\"><table><thead><tr><th class=\"has-text-align-center\" data-align=\"center\">Divulga\u00e7\u00e3o<\/th><th class=\"has-text-align-center\" data-align=\"center\">Previs\u00e3o de in\u00edcio do afastamento entre<\/th><th class=\"has-text-align-center\" data-align=\"center\">Abertura do processo para afastamento at\u00e9<\/th><\/tr><\/thead><tbody><tr><td class=\"has-text-align-center\" data-align=\"center\">Abril\/2025<\/td><td class=\"has-text-align-center\" data-align=\"center\">01\/05\/2025 at\u00e9 31\/10\/2025<\/td><td class=\"has-text-align-center\" data-align=\"center\">30\/09\/2025<\/td><\/tr><tr><td class=\"has-text-align-center\" data-align=\"center\">Outubro\/2025<\/td><td class=\"has-text-align-center\" data-align=\"center\">01\/11\/2025 at\u00e9 30\/04\/2026<\/td><td class=\"has-text-align-center\" data-align=\"center\">31\/03\/2026<\/td><\/tr><tr><td class=\"has-text-align-center\" data-align=\"center\">Abril\/2026<\/td><td class=\"has-text-align-center\" data-align=\"center\">01\/05\/2026 at\u00e9 31\/10\/2026<\/td><td class=\"has-text-align-center\" data-align=\"center\">30\/09\/2026<\/td><\/tr><tr><td class=\"has-text-align-center\" data-align=\"center\">Outubro\/2026<\/td><td class=\"has-text-align-center\" data-align=\"center\">01\/11\/2026 at\u00e9 30\/04\/2027<\/td><td class=\"has-text-align-center\" data-align=\"center\">31\/03\/2027<\/td><\/tr><\/tbody><\/table><\/figure>\n\n\n\n<div style=\"height:1em\" aria-hidden=\"true\" class=\"wp-block-spacer\"><\/div>\n\n\n\n<p><\/p>\n","protected":false},"excerpt":{"rendered":"<p>A Pol\u00edtica Nacional de Desenvolvimento de Pessoas (PNDP) de que trata o Decreto n\u00ba 9.991, de 28 de agosto de 2019, estabelece que os afastamentos dos(as) servidores(as) para participar de Programas de P\u00f3s-Gradua\u00e7\u00e3o Stricto Sensu e P\u00f3s-Doutorado devem participar de processo seletivo, conduzido e regulado pelos \u00f3rg\u00e3os e pelas entidades integrantes do Sistema de Pessoal [&hellip;]<\/p>\n","protected":false},"author":41,"featured_media":0,"parent":0,"menu_order":0,"comment_status":"closed","ping_status":"closed","template":"","meta":{"_coblocks_attr":"","_coblocks_dimensions":"","_coblocks_responsive_height":"","_coblocks_accordion_ie_support":"","_uag_custom_page_level_css":"","iawp_total_views":287,"footnotes":""},"class_list":["post-490","page","type-page","status-publish","hentry"],"uagb_featured_image_src":{"full":false,"thumbnail":false,"medium":false,"medium_large":false,"large":false,"1536x1536":false,"2048x2048":false},"uagb_author_info":{"display_name":"progepe-admin","author_link":"https:\/\/progepe.ufpr.br\/capacitacao\/author\/progepe-admin\/"},"uagb_comment_info":0,"uagb_excerpt":"A Pol\u00edtica Nacional de Desenvolvimento de Pessoas (PNDP) de que trata o Decreto n\u00ba 9.991, de 28 de agosto de 2019, estabelece que os afastamentos dos(as) servidores(as) para participar de Programas de P\u00f3s-Gradua\u00e7\u00e3o Stricto Sensu e P\u00f3s-Doutorado devem participar de processo seletivo, conduzido e regulado pelos \u00f3rg\u00e3os e pelas entidades integrantes do Sistema de Pessoal&hellip;","publishpress_future_workflow_manual_trigger":{"enabledWorkflows":[]},"_links":{"self":[{"href":"https:\/\/progepe.ufpr.br\/capacitacao\/wp-json\/wp\/v2\/pages\/490","targetHints":{"allow":["GET"]}}],"collection":[{"href":"https:\/\/progepe.ufpr.br\/capacitacao\/wp-json\/wp\/v2\/pages"}],"about":[{"href":"https:\/\/progepe.ufpr.br\/capacitacao\/wp-json\/wp\/v2\/types\/page"}],"author":[{"embeddable":true,"href":"https:\/\/progepe.ufpr.br\/capacitacao\/wp-json\/wp\/v2\/users\/41"}],"replies":[{"embeddable":true,"href":"https:\/\/progepe.ufpr.br\/capacitacao\/wp-json\/wp\/v2\/comments?post=490"}],"version-history":[{"count":8,"href":"https:\/\/progepe.ufpr.br\/capacitacao\/wp-json\/wp\/v2\/pages\/490\/revisions"}],"predecessor-version":[{"id":78463,"href":"https:\/\/progepe.ufpr.br\/capacitacao\/wp-json\/wp\/v2\/pages\/490\/revisions\/78463"}],"wp:attachment":[{"href":"https:\/\/progepe.ufpr.br\/capacitacao\/wp-json\/wp\/v2\/media?parent=490"}],"curies":[{"name":"wp","href":"https:\/\/api.w.org\/{rel}","templated":true}]}}