{"id":5305,"date":"2023-11-28T10:54:48","date_gmt":"2023-11-28T13:54:48","guid":{"rendered":"https:\/\/www.prppg.ufpr.br\/site\/portalcapacitacao\/?page_id=5305"},"modified":"2025-02-04T15:57:51","modified_gmt":"2025-02-04T18:57:51","slug":"editais-instrutores-2021","status":"publish","type":"page","link":"https:\/\/progepe.ufpr.br\/capacitacao\/editais-instrutores-2021\/","title":{"rendered":"Editais &#8211; Instrutores &#8211; 2021"},"content":{"rendered":"<p>Edital de sele\u00e7\u00e3o de servidores(as) do quadro permanente, ativo e em exerc\u00edcio na Universidade Federal do Paran\u00e1 (UFPR) interessados em atuar como Instrutores (as) nas a\u00e7\u00f5es que comp\u00f5em o Programa de Desenvolvimento de Pessoal do Plano de Desenvolvimento de Pessoas (PDP) da UFPR. <span style=\"color: #800000\"><strong>FINALIZADO<\/strong><\/span><\/p>\n<p><a href=\"https:\/\/progepe.ufpr.br\/capacitacao\/wp-content\/uploads\/2021\/10\/edital-07-2021-progepe-cdp.pdf\">Edital 07-2021 PROGEPE-CDP<\/a><\/p>\n<p><a href=\"https:\/\/progepe.ufpr.br\/capacitacao\/wp-content\/uploads\/2021\/11\/errata-01-do-edital-07-2021-progepe-cdp.pdf\">Errata 01 do Edital 07-2021 PROGEPE-CDP<\/a><\/p>\n<p><a href=\"https:\/\/progepe.ufpr.br\/capacitacao\/wp-content\/uploads\/2021\/11\/edital-08-2021-progepe-cdp.pdf\">Edital 08-2021 PROGEPE-CDP<\/a> &#8211; Altera\u00e7\u00e3o do cronograma do Edital 07-2021 PROGEPE-CDP<\/p>\n<p><a href=\"https:\/\/progepe.ufpr.br\/capacitacao\/wp-content\/uploads\/2021\/10\/edital-01-2021-comissao-do-processo-seletivo-1.pdf\">Edital 01-2021 Comiss\u00e3o do Processo Seletivo<\/a> &#8211; Inscri\u00e7\u00f5es homologadas e Resultado preliminar<\/p>\n<p><a href=\"https:\/\/progepe.ufpr.br\/capacitacao\/wp-content\/uploads\/2021\/10\/edital-02-2021-comissao-do-processo-seletivo-2.pdf\">Edital 02-2021 Comiss\u00e3o do Processo Seletivo<\/a> &#8211;\u00a0Resultado da an\u00e1lise dos recursos e Resultado final<\/p>\n<hr \/>\n<p><strong>Atualizado em 30\/11\/2023.<\/strong><\/p>\n","protected":false},"excerpt":{"rendered":"<p>Edital de sele\u00e7\u00e3o de servidores(as) do quadro permanente, ativo e em exerc\u00edcio na Universidade Federal do Paran\u00e1 (UFPR) interessados em atuar como Instrutores (as) nas a\u00e7\u00f5es que comp\u00f5em o Programa de Desenvolvimento de Pessoal do Plano de Desenvolvimento de Pessoas (PDP) da UFPR. FINALIZADO Edital 07-2021 PROGEPE-CDP Errata 01 do Edital 07-2021 PROGEPE-CDP Edital 08-2021 [&hellip;]<\/p>\n","protected":false},"author":41,"featured_media":0,"parent":0,"menu_order":0,"comment_status":"closed","ping_status":"closed","template":"","meta":{"_coblocks_attr":"","_coblocks_dimensions":"","_coblocks_responsive_height":"","_coblocks_accordion_ie_support":"","_uag_custom_page_level_css":"","iawp_total_views":2,"footnotes":""},"class_list":["post-5305","page","type-page","status-publish","hentry"],"uagb_featured_image_src":{"full":false,"thumbnail":false,"medium":false,"medium_large":false,"large":false,"1536x1536":false,"2048x2048":false},"uagb_author_info":{"display_name":"progepe-admin","author_link":"https:\/\/progepe.ufpr.br\/capacitacao\/author\/progepe-admin\/"},"uagb_comment_info":0,"uagb_excerpt":"Edital de sele\u00e7\u00e3o de servidores(as) do quadro permanente, ativo e em exerc\u00edcio na Universidade Federal do Paran\u00e1 (UFPR) interessados em atuar como Instrutores (as) nas a\u00e7\u00f5es que comp\u00f5em o Programa de Desenvolvimento de Pessoal do Plano de Desenvolvimento de Pessoas (PDP) da UFPR. FINALIZADO Edital 07-2021 PROGEPE-CDP Errata 01 do Edital 07-2021 PROGEPE-CDP Edital 08-2021&hellip;","publishpress_future_workflow_manual_trigger":{"enabledWorkflows":[]},"_links":{"self":[{"href":"https:\/\/progepe.ufpr.br\/capacitacao\/wp-json\/wp\/v2\/pages\/5305","targetHints":{"allow":["GET"]}}],"collection":[{"href":"https:\/\/progepe.ufpr.br\/capacitacao\/wp-json\/wp\/v2\/pages"}],"about":[{"href":"https:\/\/progepe.ufpr.br\/capacitacao\/wp-json\/wp\/v2\/types\/page"}],"author":[{"embeddable":true,"href":"https:\/\/progepe.ufpr.br\/capacitacao\/wp-json\/wp\/v2\/users\/41"}],"replies":[{"embeddable":true,"href":"https:\/\/progepe.ufpr.br\/capacitacao\/wp-json\/wp\/v2\/comments?post=5305"}],"version-history":[{"count":2,"href":"https:\/\/progepe.ufpr.br\/capacitacao\/wp-json\/wp\/v2\/pages\/5305\/revisions"}],"predecessor-version":[{"id":77192,"href":"https:\/\/progepe.ufpr.br\/capacitacao\/wp-json\/wp\/v2\/pages\/5305\/revisions\/77192"}],"wp:attachment":[{"href":"https:\/\/progepe.ufpr.br\/capacitacao\/wp-json\/wp\/v2\/media?parent=5305"}],"curies":[{"name":"wp","href":"https:\/\/api.w.org\/{rel}","templated":true}]}}