{"id":5307,"date":"2023-11-28T10:54:55","date_gmt":"2023-11-28T13:54:55","guid":{"rendered":"https:\/\/www.prppg.ufpr.br\/site\/portalcapacitacao\/?page_id=5307"},"modified":"2025-02-04T15:57:48","modified_gmt":"2025-02-04T18:57:48","slug":"editais-instrutores-2022","status":"publish","type":"page","link":"https:\/\/progepe.ufpr.br\/capacitacao\/editais-instrutores-2022\/","title":{"rendered":"Editais &#8211; Instrutores &#8211; 2022"},"content":{"rendered":"<p>Edital de sele\u00e7\u00e3o de servidores(as) do quadro permanente, ativo e em exerc\u00edcio na Universidade Federal do Paran\u00e1 (UFPR) interessados em atuar como Instrutores(as) nas a\u00e7\u00f5es de desenvolvimento que comp\u00f5em o Programa de L\u00ednguas Estrangeiras Modernas do Plano de Desenvolvimento de Pessoas (PDP) da UFPR. <span style=\"color: #800000\"><strong>FINALIZADO.<\/strong><\/span><\/p>\n<p><a href=\"https:\/\/progepe.ufpr.br\/capacitacao\/wp-content\/uploads\/2023\/11\/edital-05-2022-progepe-cdp.pdf\">Edital 05-2022 PROGEPE-CDP<\/a><\/p>\n<p><a href=\"https:\/\/progepe.ufpr.br\/capacitacao\/wp-content\/uploads\/2022\/07\/errata-01-do-edital-05-2022-progepe-cdp.pdf\">Errata 01 do Edital 05-2022 PROGEPE-CDP<\/a><\/p>\n<p><a href=\"https:\/\/progepe.ufpr.br\/capacitacao\/wp-content\/uploads\/2022\/07\/edital-06-2022-progepe-cdp.pdf\">Edital 06-2022 PROGEPE-CDP<\/a> &#8211; Altera\u00e7\u00e3o do cronograma 05-2022 PROGEPE-CDP<\/p>\n<p><a href=\"https:\/\/progepe.ufpr.br\/capacitacao\/wp-content\/uploads\/2022\/07\/edital-02-2022-progepe-cdp-ucaq.pdf\">Edital 02-2022 PROGEPE-CDP-UCAQ<\/a> &#8211; Rela\u00e7\u00e3o dos candidatos inscritos<\/p>\n<p><a href=\"https:\/\/progepe.ufpr.br\/capacitacao\/wp-content\/uploads\/2023\/11\/errata-do-edital-02-2022-progepe-cdp-ucaq.pdf\">Errata do Edital 02-2022 PROGEPE-CDP-UCAQ<\/a><\/p>\n<p><a href=\"https:\/\/progepe.ufpr.br\/capacitacao\/wp-content\/uploads\/2022\/07\/edital-07-2022-progepe-cdp.pdf\">Edital 07-2022 PROGEPE-CDP<\/a> &#8211; Altera\u00e7\u00e3o do cronograma do Edital 05-2022 PROGEPE-CDP<\/p>\n<p><a href=\"https:\/\/progepe.ufpr.br\/capacitacao\/wp-content\/uploads\/2023\/11\/edital-01-2022-comissao-do-processo-seletivo-3.pdf\">Edital 01-2022 Comiss\u00e3o do Processo Seletivo<\/a> &#8211; Resultado das inscri\u00e7\u00f5es homologadas e Resultado preliminar<\/p>\n<p><a href=\"https:\/\/progepe.ufpr.br\/capacitacao\/wp-content\/uploads\/2023\/11\/edital-02-2022-comissao-do-processo-seletivo-2.pdf\">Edital 02-2022 Comiss\u00e3o do Processo Seletivo<\/a> &#8211; Resultado da an\u00e1lise dos recursos e Convoca\u00e7\u00e3o dos candidatos para a 2\u00aa etapa<\/p>\n<p><a href=\"https:\/\/progepe.ufpr.br\/capacitacao\/wp-content\/uploads\/2023\/11\/edital-03-2022-comissao-do-processo-seletivo-2.pdf\">Edital 03-2022 Comiss\u00e3o do Processo Seletivo<\/a>\u00a0&#8211; Resultado da 2\u00aa etapa e Convoca\u00e7\u00e3o dos candidatos para a 3\u00aa etapa<\/p>\n<p><a href=\"https:\/\/progepe.ufpr.br\/capacitacao\/wp-content\/uploads\/2023\/11\/edital-04-2022-comissao-do-processo-seletivo-1.pdf\">Edital 04-2022 Comiss\u00e3o do Processo Seletivo<\/a> &#8211; Resultado da 3\u00aa etapa e Resultado final<\/p>\n<p><a href=\"https:\/\/progepe.ufpr.br\/capacitacao\/wp-content\/uploads\/2023\/11\/edital-12-2023-progepe-cdp.pdf\">Edital 12-2023 PROGEPE-CDP<\/a>\u00a0&#8211; Prorroga\u00e7\u00e3o do Edital 05-2022 PROGEPE-CDP<\/p>\n<hr \/>\n<p>Edital de sele\u00e7\u00e3o de servidores(as) do quadro permanente da Universidade Federal do Paran\u00e1 (UFPR), Universidade Tecnol\u00f3gica Federal do Paran\u00e1 (UTFPR) e Instituto Federal do Paran\u00e1 (IFPR) interessados em atuar como Instrutores(as) nas a\u00e7\u00f5es de desenvolvimento que comp\u00f5em o Plano de Desenvolvimento de Pessoas (PDP) da UFPR. \u00c1rea tem\u00e1tica: Nova Lei de Licita\u00e7\u00f5es e Contratos Administrativos.<strong>\u00a0<span style=\"color: #800000\">FINALIZADO.<\/span><\/strong><\/p>\n<p><a href=\"https:\/\/progepe.ufpr.br\/capacitacao\/wp-content\/uploads\/2022\/08\/edital-06-2022-progepe-cdp-ucaq.pdf\">Edital 06-2022 PROGEPE-CDP-UCAQ<\/a><\/p>\n<p><a href=\"https:\/\/progepe.ufpr.br\/capacitacao\/wp-content\/uploads\/2022\/08\/edital-no-14-2022-progepe-cdp-ucaq.pdf\">Edital 14-2022 PROGEPE-CDP-UCAQ<\/a> &#8211; Altera\u00e7\u00e3o do cronograma do Edital 06-2022 PROGEPE-CDP-UCAQ<\/p>\n<p><a href=\"https:\/\/progepe.ufpr.br\/capacitacao\/wp-content\/uploads\/2022\/09\/edital-19-2022-progepe-cdp-ucaq.pdf\">Edital 19-2022 PROGEPE-CDP-UCAQ<\/a> &#8211; Resultado final<\/p>\n<hr \/>\n<p>Edital Complementar de sele\u00e7\u00e3o de servidores(as) do quadro permanente, ativo e em exerc\u00edcio na Universidade Federal do Paran\u00e1 (UFPR) interessados em atuar como Instrutores(as) nas a\u00e7\u00f5es de desenvolvimento que comp\u00f5em o Programa de L\u00ednguas Estrangeiras Modernas do Plano de Desenvolvimento de Pessoas (PDP) da UFPR. <span style=\"color: #800000\"><strong>FINALIZADO.<\/strong><\/span><\/p>\n<p><a href=\"https:\/\/progepe.ufpr.br\/capacitacao\/wp-content\/uploads\/2022\/08\/sei_23075-051731_2022_69.pdf\">Edital 08-2022 PROGEPE-CDP<\/a><\/p>\n<p><a href=\"https:\/\/progepe.ufpr.br\/capacitacao\/wp-content\/uploads\/2023\/11\/edital-01-2022-comissao-do-processo-seletivo-2.pdf\">Edital 01-2022 Comiss\u00e3o do Processo Seletivo<\/a> &#8211; Inscri\u00e7\u00f5es homologadas e Resultado preliminar<\/p>\n<p><a href=\"https:\/\/progepe.ufpr.br\/capacitacao\/wp-content\/uploads\/2023\/11\/edital-02-2022-comissao-do-processo-seletivo-1.pdf\">Edital 02-2022 Comiss\u00e3o do Processo Seletivo<\/a> &#8211; Resultado da an\u00e1lise dos recursos<\/p>\n<p><a href=\"https:\/\/progepe.ufpr.br\/capacitacao\/wp-content\/uploads\/2023\/11\/edital-03-2022-comissao-do-processo-seletivo-1.pdf\">Edital 03-2022 Comiss\u00e3o do Processo Seletivo<\/a> &#8211; Resultado da 2\u00aa etapa<\/p>\n<p><a href=\"https:\/\/progepe.ufpr.br\/capacitacao\/wp-content\/uploads\/2023\/11\/edital-04-2022-comissao-do-processo-seletivo.pdf\">Edital 04-2022 Comiss\u00e3o do Processo Seletivo<\/a> &#8211; Resultado final<\/p>\n<hr \/>\n<p>Edital de sele\u00e7\u00e3o de servidores(as) do quadro permanente da Universidade Federal do Paran\u00e1 (UFPR), Universidade Tecnol\u00f3gica Federal do Paran\u00e1 (UTFPR) e Instituto Federal do Paran\u00e1 (IFPR) interessados em atuar como Instrutores(as) nas a\u00e7\u00f5es de desenvolvimento que comp\u00f5em o Plano de Desenvolvimento de Pessoas (PDP) da UFPR. \u00c1rea tem\u00e1tica: \u00c9tica, Moral e Legalidade.<strong>\u00a0<span style=\"color: #800000\">FINALIZADO.<\/span><\/strong><\/p>\n<p><a href=\"https:\/\/progepe.ufpr.br\/capacitacao\/wp-content\/uploads\/2022\/08\/edital-09-2022-progepe-cdp-ucaq.pdf\">Edital 09-2022 PROGEPE-CDP-UCAQ<\/a><\/p>\n<p><a href=\"https:\/\/progepe.ufpr.br\/capacitacao\/wp-content\/uploads\/2022\/08\/edital-16-progepe-cdp-ucaq.pdf\">Edital 16-2022 PROGEPE-CDP-UCAQ<\/a> &#8211; Rela\u00e7\u00e3o de candidatos inscritos<\/p>\n<p><a href=\"https:\/\/progepe.ufpr.br\/capacitacao\/wp-content\/uploads\/2022\/09\/edital-20-2022-progepe-cdp-ucaq.pdf\">Edital 20-2022 PROGEPE-CDP-UCAQ<\/a> &#8211; Altera\u00e7\u00e3o do cronograma do Edital 09-2022 PROGEPE-CDP-UCAQ<\/p>\n<p><a href=\"https:\/\/progepe.ufpr.br\/capacitacao\/wp-content\/uploads\/2022\/09\/edital-24-2022.pdf\">Edital 24-2022 PROGEPE-CDP-UCAQ<\/a> &#8211; Altera\u00e7\u00e3o do cronograma do Edital 09-2022 PROGEPE-CDP-UCAQ<\/p>\n<p><a href=\"https:\/\/progepe.ufpr.br\/capacitacao\/wp-content\/uploads\/2022\/09\/edital-29-2022-progepe-cdp-ucaq.pdf\">Edital 29-2022 PROGEPE-CDP-UCAQ<\/a> &#8211; Altera\u00e7\u00e3o do cronograma do Edital 09-2022 PROGEPE-CDP-UCAQ<\/p>\n<p><a href=\"https:\/\/progepe.ufpr.br\/capacitacao\/wp-content\/uploads\/2022\/10\/edital-30-2022.pdf\">Edital 30-2022 PROGEPE-CDP-UCAQ<\/a> &#8211; Altera\u00e7\u00e3o do cronograma do Edital 09\/2022 PROGEPE-CDP-UCAQ<\/p>\n<p><a href=\"https:\/\/progepe.ufpr.br\/capacitacao\/wp-content\/uploads\/2023\/11\/edital-01-2022-comissao-do-processo-seletivo-1.pdf\">Edital 01-2022 Comiss\u00e3o do Processo Seletivo<\/a> &#8211; Resultado das inscri\u00e7\u00f5es homologadas e Resultado preliminar<\/p>\n<p>&nbsp;<\/p>\n<hr \/>\n<p>Edital de sele\u00e7\u00e3o de servidores(as) do quadro permanente da Universidade Federal do Paran\u00e1 (UFPR), Universidade Tecnol\u00f3gica Federal do Paran\u00e1 (UTFPR) e Instituto Federal do Paran\u00e1 (IFPR) interessados em atuar como Instrutores(as) nas a\u00e7\u00f5es de desenvolvimento que comp\u00f5em o Plano de Desenvolvimento de Pessoas (PDP) da UFPR.\u00a0 \u00c1rea tem\u00e1tica: Relat\u00f3rios financeiros com Tesouro Gerencial e Execu\u00e7\u00e3o or\u00e7ament\u00e1ria e financeira. <strong><span style=\"color: #800000\">FINALIZADO.<\/span><\/strong><\/p>\n<p><a href=\"https:\/\/progepe.ufpr.br\/capacitacao\/wp-content\/uploads\/2022\/08\/edital-11-2022-progepe-cdp-ucaq.pdf\">Edital 11-2022 PROGEPE-CDP-UCAQ<\/a><\/p>\n<p><a href=\"https:\/\/progepe.ufpr.br\/capacitacao\/wp-content\/uploads\/2022\/08\/edital-17-2022-progepe-cdp-ucaq.pdf\">Edital 17-2022 PROGEPE-CDP-UCAQ<\/a> &#8211; Rela\u00e7\u00e3o dos candidatos inscritos<\/p>\n<p><a href=\"https:\/\/progepe.ufpr.br\/capacitacao\/wp-content\/uploads\/2022\/09\/edital-21-2022-progepe-cdp-ucaq-1.pdf\">Edital 21-2022 PROGEPE-CDP-UCAQ<\/a> &#8211; Altera\u00e7\u00e3o do cronograma do Edital 11-2022 PROGEPE-CDP-UCAQ<\/p>\n<p><a href=\"https:\/\/progepe.ufpr.br\/capacitacao\/wp-content\/uploads\/2022\/09\/edital-25-2022.pdf\">Edital 25-2022 PROGEPE-CDP-UCAQ<\/a> &#8211; Altera\u00e7\u00e3o do cronograma do Edital 11-2022 PROGEPE-CDP-UCAQ<\/p>\n<p><a href=\"https:\/\/progepe.ufpr.br\/capacitacao\/wp-content\/uploads\/2022\/09\/edital-29-2022-progepe-cdp-ucaq.pdf\">Edital 29-2022 PROGEPE-CDP-UCAQ<\/a> &#8211; Altera\u00e7\u00e3o do cronograma do Edital 11-2022 PROGEPE-CDP-UCAQ<\/p>\n<p>&nbsp;<\/p>\n<p><a href=\"https:\/\/progepe.ufpr.br\/capacitacao\/wp-content\/uploads\/2022\/10\/edital_11___analise_documental_e_homologacao_inscritos.pdf\">Edital 11-2022 PROGEPE-CDP-UCAQ<\/a> &#8211; Resultado das inscri\u00e7\u00f5es homologadas e Resultado preliminar<\/p>\n<p><a href=\"https:\/\/progepe.ufpr.br\/capacitacao\/wp-content\/uploads\/2022\/10\/edital_11_resultado_final.pdf\">Edital 11-2022 PROGEPE-CDP-UCAQ<\/a> &#8211; Resultado final<\/p>\n<hr \/>\n<p>Edital de sele\u00e7\u00e3o de servidores(as) do quadro permanente da Universidade Federal do Paran\u00e1 (UFPR), Universidade Tecnol\u00f3gica Federal do Paran\u00e1 (UTFPR) e Instituto Federal do Paran\u00e1 (IFPR) interessados em atuar como Instrutores(as) nas a\u00e7\u00f5es de desenvolvimento que comp\u00f5em o Plano de Desenvolvimento de Pessoas (PDP) da UFPR. \u00c1rea tem\u00e1tica: Administra\u00e7\u00e3o P\u00fablica, Administra\u00e7\u00e3o Publica Deliberativa, Procedimentos Administrativos Disciplinares.<b>\u00a0<span style=\"color: #800000\"><strong>FINALIZADO.<\/strong><\/span><\/b><\/p>\n<p><a href=\"https:\/\/progepe.ufpr.br\/capacitacao\/wp-content\/uploads\/2022\/08\/edital-12-2022-progepe-cdp-ucaq.pdf\">Edital 12-2022 PROGEPE-CDP-UCAQ<\/a><\/p>\n<p><a href=\"https:\/\/progepe.ufpr.br\/capacitacao\/wp-content\/uploads\/2022\/09\/edital-22-2022-progepe-cdp-ucaq.pdf\">Edital 22-2022 PROGEPE-CDP-UCAQ<\/a> &#8211; Rela\u00e7\u00e3o dos candidatos inscritos<\/p>\n<p><a href=\"https:\/\/progepe.ufpr.br\/capacitacao\/wp-content\/uploads\/2022\/09\/edital-26-2022.pdf\">Edital 26-2022 PROGEPE-CDP-UCAQ<\/a> &#8211; Altera\u00e7\u00e3o do cronograma do Edital 12-2022 PROGEPE-CDP-UCAQ<\/p>\n<p><a href=\"https:\/\/progepe.ufpr.br\/capacitacao\/wp-content\/uploads\/2022\/09\/edital-29-2022-progepe-cdp-ucaq.pdf\">Edital 29-2022 PROGEPE-CDP-UCAQ<\/a> &#8211; Altera\u00e7\u00e3o do cronograma do Edital 12-2022 PROGEPE-CDP-UCAQ<\/p>\n<p><a href=\"https:\/\/progepe.ufpr.br\/capacitacao\/wp-content\/uploads\/2023\/11\/edital-01-2022-comissao-do-processo-seletivo.pdf\">Edital 01-2022 Comiss\u00e3o do Processo Seletivo<\/a> &#8211; Inscri\u00e7\u00f5es homologadas e Resultado preliminar<\/p>\n<p><a href=\"https:\/\/progepe.ufpr.br\/capacitacao\/wp-content\/uploads\/2023\/11\/edital-02-2022-comissao-do-processo-seletivo.pdf\">Edital 02-2022 Comiss\u00e3o do Processo Seletivo<\/a> &#8211; Resultado da an\u00e1lise dos recursos<\/p>\n<p><a href=\"https:\/\/progepe.ufpr.br\/capacitacao\/wp-content\/uploads\/2023\/11\/edital-03-2022-comissao-do-processo-seletivo.pdf\">Edital 03-2022 Comiss\u00e3o do Processo Seletivo<\/a> &#8211; Resultado final<\/p>\n<hr \/>\n<p><strong>Atualizado em 30\/11\/2023.<\/strong><\/p>\n","protected":false},"excerpt":{"rendered":"<p>Edital de sele\u00e7\u00e3o de servidores(as) do quadro permanente, ativo e em exerc\u00edcio na Universidade Federal do Paran\u00e1 (UFPR) interessados em atuar como Instrutores(as) nas a\u00e7\u00f5es de desenvolvimento que comp\u00f5em o Programa de L\u00ednguas Estrangeiras Modernas do Plano de Desenvolvimento de Pessoas (PDP) da UFPR. FINALIZADO. Edital 05-2022 PROGEPE-CDP Errata 01 do Edital 05-2022 PROGEPE-CDP Edital [&hellip;]<\/p>\n","protected":false},"author":41,"featured_media":0,"parent":0,"menu_order":0,"comment_status":"closed","ping_status":"closed","template":"","meta":{"_coblocks_attr":"","_coblocks_dimensions":"","_coblocks_responsive_height":"","_coblocks_accordion_ie_support":"","_uag_custom_page_level_css":"","iawp_total_views":2,"footnotes":""},"class_list":["post-5307","page","type-page","status-publish","hentry"],"uagb_featured_image_src":{"full":false,"thumbnail":false,"medium":false,"medium_large":false,"large":false,"1536x1536":false,"2048x2048":false},"uagb_author_info":{"display_name":"progepe-admin","author_link":"https:\/\/progepe.ufpr.br\/capacitacao\/author\/progepe-admin\/"},"uagb_comment_info":0,"uagb_excerpt":"Edital de sele\u00e7\u00e3o de servidores(as) do quadro permanente, ativo e em exerc\u00edcio na Universidade Federal do Paran\u00e1 (UFPR) interessados em atuar como Instrutores(as) nas a\u00e7\u00f5es de desenvolvimento que comp\u00f5em o Programa de L\u00ednguas Estrangeiras Modernas do Plano de Desenvolvimento de Pessoas (PDP) da UFPR. FINALIZADO. Edital 05-2022 PROGEPE-CDP Errata 01 do Edital 05-2022 PROGEPE-CDP Edital&hellip;","publishpress_future_workflow_manual_trigger":{"enabledWorkflows":[]},"_links":{"self":[{"href":"https:\/\/progepe.ufpr.br\/capacitacao\/wp-json\/wp\/v2\/pages\/5307","targetHints":{"allow":["GET"]}}],"collection":[{"href":"https:\/\/progepe.ufpr.br\/capacitacao\/wp-json\/wp\/v2\/pages"}],"about":[{"href":"https:\/\/progepe.ufpr.br\/capacitacao\/wp-json\/wp\/v2\/types\/page"}],"author":[{"embeddable":true,"href":"https:\/\/progepe.ufpr.br\/capacitacao\/wp-json\/wp\/v2\/users\/41"}],"replies":[{"embeddable":true,"href":"https:\/\/progepe.ufpr.br\/capacitacao\/wp-json\/wp\/v2\/comments?post=5307"}],"version-history":[{"count":2,"href":"https:\/\/progepe.ufpr.br\/capacitacao\/wp-json\/wp\/v2\/pages\/5307\/revisions"}],"predecessor-version":[{"id":77191,"href":"https:\/\/progepe.ufpr.br\/capacitacao\/wp-json\/wp\/v2\/pages\/5307\/revisions\/77191"}],"wp:attachment":[{"href":"https:\/\/progepe.ufpr.br\/capacitacao\/wp-json\/wp\/v2\/media?parent=5307"}],"curies":[{"name":"wp","href":"https:\/\/api.w.org\/{rel}","templated":true}]}}