{"id":5333,"date":"2023-11-28T11:16:52","date_gmt":"2023-11-28T14:16:52","guid":{"rendered":"https:\/\/www.prppg.ufpr.br\/site\/portalcapacitacao\/?page_id=5333"},"modified":"2025-02-04T15:57:44","modified_gmt":"2025-02-04T18:57:44","slug":"editais-instrutores-2023","status":"publish","type":"page","link":"https:\/\/progepe.ufpr.br\/capacitacao\/editais-instrutores-2023\/","title":{"rendered":"Editais &#8211; Instrutores &#8211; 2023"},"content":{"rendered":"<p>Processo de sele\u00e7\u00e3o de servidores(as) do quadro permanente da Universidade Federal do Paran\u00e1 (UFPR), Universidade Tecnol\u00f3gica Federal do Paran\u00e1 (UTFPR) e Instituto Federal do Paran\u00e1 (IFPR) interessados em atuar como Instrutores(as) nas a\u00e7\u00f5es de desenvolvimento que comp\u00f5em o Plano de Desenvolvimento de Pessoas (PDP) da UFPR.<\/p>\n<p><a href=\"https:\/\/progepe.ufpr.br\/capacitacao\/wp-content\/uploads\/2023\/08\/edital-n-03-2023-progepecdpucaq.pdf\">EDITAL 03-2023 PROGEPE-CDP-UCAQ<\/a><\/p>\n<p><a href=\"https:\/\/progepe.ufpr.br\/capacitacao\/wp-content\/uploads\/2023\/08\/edital-04-2023-progepe-cdp-ucaq.pdf\">EDITAL 04-2023 PROGEPE-CDP-UCAQ<\/a> &#8211; Retifica\u00e7\u00e3o do Edital 03-2023 PROGEPE-CDP-UCAQ<\/p>\n<p><a href=\"https:\/\/progepe.ufpr.br\/capacitacao\/wp-content\/uploads\/2023\/10\/sei_6005495_edital_07_2023.pdf\">EDITAL 07-2023 PROGEPE-CDP-UCAQ<\/a> &#8211; Rela\u00e7\u00e3o dos candidatos inscritos<\/p>\n<p><a href=\"https:\/\/progepe.ufpr.br\/capacitacao\/wp-content\/uploads\/2023\/10\/sei_6022288_edital_08_2023.pdf\">EDITAL 08-2023 PROGEPE-CDP-UCAQ<\/a> &#8211; Retifica\u00e7\u00e3o e altera\u00e7\u00e3o do cronograma do Edital 03-2023 PROGEPE-CDP-UCAQ<\/p>\n<p><a href=\"https:\/\/progepe.ufpr.br\/capacitacao\/wp-content\/uploads\/2023\/11\/edital-09-2023-progepe-cdp-ucaq.pdf\">EDITAL 09-2023 PROGEPE-CDP-UCAQ<\/a> &#8211;\u00a0 Retifica\u00e7\u00e3o e altera\u00e7\u00e3o do cronograma do Edital 03-2023 PROGEPE-CDP-UCAQ<\/p>\n<p><a href=\"https:\/\/progepe.ufpr.br\/capacitacao\/wp-content\/uploads\/2023\/11\/edital-10-2023-progepe-cdp-ucaq.pdf\">EDITAL 10-2023 PROGEPE-CDP-UCAQ<\/a> &#8211;\u00a0 Altera\u00e7\u00e3o do cronograma do Edital 03-2023 PROGEPE-CDP-UCAQ<\/p>\n<p><a href=\"https:\/\/progepe.ufpr.br\/capacitacao\/wp-content\/uploads\/2023\/11\/edital-11-2023-progepe-cdp-ucaq-.pdf\">EDITAL 11-2023 PROGEPE-CDP-UCAQ<\/a>\u00a0 &#8211; Inscri\u00e7\u00f5es homologadas e Resultado da an\u00e1lise documental<\/p>\n<p><a href=\"https:\/\/progepe.ufpr.br\/capacitacao\/wp-content\/uploads\/2023\/11\/edital-12-2023-progepe-cdp-ucaq.pdf\">EDITAL 12-2023 PROGEPE-CDP-UCAQ<\/a> &#8211;\u00a0 Resultado da an\u00e1lise dos pedidos de reconsidera\u00e7\u00e3o e convoca\u00e7\u00e3o para entrevistas<\/p>\n<p><a href=\"https:\/\/progepe.ufpr.br\/capacitacao\/wp-content\/uploads\/2023\/12\/edital-13-2023-progepe-cdp-ucaq.pdf\">EDITAL 13-2023 PROGEPE-CDP-UCAQ<\/a> &#8211;\u00a0 Resultado Final<\/p>\n<p>&nbsp;<\/p>\n<hr \/>\n<p><strong>Atualizado em 15\/12\/2023.<\/strong><\/p>\n","protected":false},"excerpt":{"rendered":"<p>Processo de sele\u00e7\u00e3o de servidores(as) do quadro permanente da Universidade Federal do Paran\u00e1 (UFPR), Universidade Tecnol\u00f3gica Federal do Paran\u00e1 (UTFPR) e Instituto Federal do Paran\u00e1 (IFPR) interessados em atuar como Instrutores(as) nas a\u00e7\u00f5es de desenvolvimento que comp\u00f5em o Plano de Desenvolvimento de Pessoas (PDP) da UFPR. EDITAL 03-2023 PROGEPE-CDP-UCAQ EDITAL 04-2023 PROGEPE-CDP-UCAQ &#8211; Retifica\u00e7\u00e3o do [&hellip;]<\/p>\n","protected":false},"author":41,"featured_media":0,"parent":0,"menu_order":0,"comment_status":"closed","ping_status":"closed","template":"","meta":{"_coblocks_attr":"","_coblocks_dimensions":"","_coblocks_responsive_height":"","_coblocks_accordion_ie_support":"","_uag_custom_page_level_css":"","iawp_total_views":3,"footnotes":""},"class_list":["post-5333","page","type-page","status-publish","hentry"],"uagb_featured_image_src":{"full":false,"thumbnail":false,"medium":false,"medium_large":false,"large":false,"1536x1536":false,"2048x2048":false},"uagb_author_info":{"display_name":"progepe-admin","author_link":"https:\/\/progepe.ufpr.br\/capacitacao\/author\/progepe-admin\/"},"uagb_comment_info":0,"uagb_excerpt":"Processo de sele\u00e7\u00e3o de servidores(as) do quadro permanente da Universidade Federal do Paran\u00e1 (UFPR), Universidade Tecnol\u00f3gica Federal do Paran\u00e1 (UTFPR) e Instituto Federal do Paran\u00e1 (IFPR) interessados em atuar como Instrutores(as) nas a\u00e7\u00f5es de desenvolvimento que comp\u00f5em o Plano de Desenvolvimento de Pessoas (PDP) da UFPR. EDITAL 03-2023 PROGEPE-CDP-UCAQ EDITAL 04-2023 PROGEPE-CDP-UCAQ &#8211; Retifica\u00e7\u00e3o do&hellip;","publishpress_future_workflow_manual_trigger":{"enabledWorkflows":[]},"_links":{"self":[{"href":"https:\/\/progepe.ufpr.br\/capacitacao\/wp-json\/wp\/v2\/pages\/5333","targetHints":{"allow":["GET"]}}],"collection":[{"href":"https:\/\/progepe.ufpr.br\/capacitacao\/wp-json\/wp\/v2\/pages"}],"about":[{"href":"https:\/\/progepe.ufpr.br\/capacitacao\/wp-json\/wp\/v2\/types\/page"}],"author":[{"embeddable":true,"href":"https:\/\/progepe.ufpr.br\/capacitacao\/wp-json\/wp\/v2\/users\/41"}],"replies":[{"embeddable":true,"href":"https:\/\/progepe.ufpr.br\/capacitacao\/wp-json\/wp\/v2\/comments?post=5333"}],"version-history":[{"count":2,"href":"https:\/\/progepe.ufpr.br\/capacitacao\/wp-json\/wp\/v2\/pages\/5333\/revisions"}],"predecessor-version":[{"id":77190,"href":"https:\/\/progepe.ufpr.br\/capacitacao\/wp-json\/wp\/v2\/pages\/5333\/revisions\/77190"}],"wp:attachment":[{"href":"https:\/\/progepe.ufpr.br\/capacitacao\/wp-json\/wp\/v2\/media?parent=5333"}],"curies":[{"name":"wp","href":"https:\/\/api.w.org\/{rel}","templated":true}]}}