{"id":5365,"date":"2023-11-28T11:37:52","date_gmt":"2023-11-28T14:37:52","guid":{"rendered":"https:\/\/www.prppg.ufpr.br\/site\/portalcapacitacao\/?page_id=5365"},"modified":"2025-02-04T16:06:48","modified_gmt":"2025-02-04T19:06:48","slug":"editais-piq-2023","status":"publish","type":"page","link":"https:\/\/progepe.ufpr.br\/capacitacao\/editais-piq-2023\/","title":{"rendered":"Editais &#8211; PIQ &#8211; 2023"},"content":{"rendered":"<p align=\"justify\">Edital de sele\u00e7\u00e3o de servidores(as) da carreira T\u00e9cnico-Administrativo em Educa\u00e7\u00e3o do quadro permanente, ativo e em exerc\u00edcio na Universidade Federal do Paran\u00e1 (UFPR) interessados em participar do Programa de Incentivo a Qualifica\u00e7\u00e3o (<a href=\"https:\/\/progepe.ufpr.br\/capacitacao\/programa-de-incentivo-a-qualificacao-piq\/\">PIQ<\/a>) 2023. <strong><span style=\"color: #800000\">FINALIZADO.<\/span><\/strong><\/p>\n<p><a href=\"https:\/\/progepe.ufpr.br\/capacitacao\/wp-content\/uploads\/2023\/11\/edital-01-2023-progepe-cdp-ucaq.pdf\">Edital 01-2023 PROGEPE-CDP-UCAQ<\/a><\/p>\n<p><a href=\"https:\/\/progepe.ufpr.br\/capacitacao\/wp-content\/uploads\/2023\/11\/edital-02-2023-progepe-cdp-ucaq.pdf\">Edital 02-2023 PROGEPE-CDP-UCAQ<\/a> &#8211; Altera\u00e7\u00e3o do cronograma do Edital 01-2023 PROGEPE-CDP-UCAQ<\/p>\n<p><a href=\"https:\/\/progepe.ufpr.br\/capacitacao\/wp-content\/uploads\/2023\/11\/edital-05-2023-progepe-cdp-ucaq.pdf\">Edital 05-2023 PROGEPE-CDP-UCAQ<\/a>\u00a0 &#8211; Altera\u00e7\u00e3o do cronograma do Edital 01-2023 PROGEPE-CDP-UCAQ<\/p>\n<p><a href=\"https:\/\/progepe.ufpr.br\/capacitacao\/wp-content\/uploads\/2023\/11\/edital-01-2023-comissao-de-selecao.pdf\">Edital 01-2023 Comiss\u00e3o de Sele\u00e7\u00e3o<\/a> &#8211; Inscri\u00e7\u00f5es homologadas e Resultado preliminar<\/p>\n<p><a href=\"https:\/\/progepe.ufpr.br\/capacitacao\/wp-content\/uploads\/2023\/11\/edital-02-2023-comissao-de-selecao.pdf\">Edital 02-2023 Comiss\u00e3o de Sele\u00e7\u00e3o<\/a> &#8211; Resultado final<\/p>\n<hr \/>\n<p><strong>Atualizado em 30\/11\/2023.<\/strong><\/p>\n","protected":false},"excerpt":{"rendered":"<p>Edital de sele\u00e7\u00e3o de servidores(as) da carreira T\u00e9cnico-Administrativo em Educa\u00e7\u00e3o do quadro permanente, ativo e em exerc\u00edcio na Universidade Federal do Paran\u00e1 (UFPR) interessados em participar do Programa de Incentivo a Qualifica\u00e7\u00e3o (PIQ) 2023. FINALIZADO. Edital 01-2023 PROGEPE-CDP-UCAQ Edital 02-2023 PROGEPE-CDP-UCAQ &#8211; Altera\u00e7\u00e3o do cronograma do Edital 01-2023 PROGEPE-CDP-UCAQ Edital 05-2023 PROGEPE-CDP-UCAQ\u00a0 &#8211; Altera\u00e7\u00e3o do [&hellip;]<\/p>\n","protected":false},"author":41,"featured_media":0,"parent":0,"menu_order":0,"comment_status":"closed","ping_status":"closed","template":"","meta":{"_coblocks_attr":"","_coblocks_dimensions":"","_coblocks_responsive_height":"","_coblocks_accordion_ie_support":"","_uag_custom_page_level_css":"","iawp_total_views":7,"footnotes":""},"class_list":["post-5365","page","type-page","status-publish","hentry"],"uagb_featured_image_src":{"full":false,"thumbnail":false,"medium":false,"medium_large":false,"large":false,"1536x1536":false,"2048x2048":false},"uagb_author_info":{"display_name":"progepe-admin","author_link":"https:\/\/progepe.ufpr.br\/capacitacao\/author\/progepe-admin\/"},"uagb_comment_info":0,"uagb_excerpt":"Edital de sele\u00e7\u00e3o de servidores(as) da carreira T\u00e9cnico-Administrativo em Educa\u00e7\u00e3o do quadro permanente, ativo e em exerc\u00edcio na Universidade Federal do Paran\u00e1 (UFPR) interessados em participar do Programa de Incentivo a Qualifica\u00e7\u00e3o (PIQ) 2023. FINALIZADO. Edital 01-2023 PROGEPE-CDP-UCAQ Edital 02-2023 PROGEPE-CDP-UCAQ &#8211; Altera\u00e7\u00e3o do cronograma do Edital 01-2023 PROGEPE-CDP-UCAQ Edital 05-2023 PROGEPE-CDP-UCAQ\u00a0 &#8211; Altera\u00e7\u00e3o do&hellip;","publishpress_future_workflow_manual_trigger":{"enabledWorkflows":[]},"_links":{"self":[{"href":"https:\/\/progepe.ufpr.br\/capacitacao\/wp-json\/wp\/v2\/pages\/5365","targetHints":{"allow":["GET"]}}],"collection":[{"href":"https:\/\/progepe.ufpr.br\/capacitacao\/wp-json\/wp\/v2\/pages"}],"about":[{"href":"https:\/\/progepe.ufpr.br\/capacitacao\/wp-json\/wp\/v2\/types\/page"}],"author":[{"embeddable":true,"href":"https:\/\/progepe.ufpr.br\/capacitacao\/wp-json\/wp\/v2\/users\/41"}],"replies":[{"embeddable":true,"href":"https:\/\/progepe.ufpr.br\/capacitacao\/wp-json\/wp\/v2\/comments?post=5365"}],"version-history":[{"count":2,"href":"https:\/\/progepe.ufpr.br\/capacitacao\/wp-json\/wp\/v2\/pages\/5365\/revisions"}],"predecessor-version":[{"id":77212,"href":"https:\/\/progepe.ufpr.br\/capacitacao\/wp-json\/wp\/v2\/pages\/5365\/revisions\/77212"}],"wp:attachment":[{"href":"https:\/\/progepe.ufpr.br\/capacitacao\/wp-json\/wp\/v2\/media?parent=5365"}],"curies":[{"name":"wp","href":"https:\/\/api.w.org\/{rel}","templated":true}]}}