{"id":6035,"date":"2024-01-30T08:22:32","date_gmt":"2024-01-30T11:22:32","guid":{"rendered":"https:\/\/www.prppg.ufpr.br\/site\/portalcapacitacao\/?page_id=6035"},"modified":"2025-02-04T15:57:39","modified_gmt":"2025-02-04T18:57:39","slug":"editais-instrutores-2024","status":"publish","type":"page","link":"https:\/\/progepe.ufpr.br\/capacitacao\/editais-instrutores-2024\/","title":{"rendered":"Editais &#8211; Instrutores &#8211; 2024"},"content":{"rendered":"<p>O presente Edital tem por finalidade selecionar servidores(as) do quadro permanente, ativo e em exerc\u00edcio na Universidade Federal do Paran\u00e1 (UFPR) interessados em atuar como Instrutores(as) em cursos a dist\u00e2ncia nas a\u00e7\u00f5es de desenvolvimento que comp\u00f5em o Programa de Educa\u00e7\u00e3o a Dist\u00e2ncia do Plano de Desenvolvimento de Pessoas (PDP) da UFPR.<\/p>\n<p><a href=\"https:\/\/progepe.ufpr.br\/capacitacao\/wp-content\/uploads\/2024\/09\/edital-no-32-2024-progepe-cdp_-ucaq_.pdf\">EDITAL N\u00ba 32.2024 &#8211; PROGEPE.CDP.UCAQ<\/a>\u00a0&#8211; Abertura de inscri\u00e7\u00f5es<\/p>\n<p><a href=\"https:\/\/progepe.ufpr.br\/capacitacao\/wp-content\/uploads\/2024\/09\/edital-no-36-2024-progepe-cdp-ucaq.pdf\">EDITAL N\u00ba 36.2024 &#8211; PROGEPE-CDP-UCAQ<\/a>\u00a0&#8211; Rela\u00e7\u00e3o dos(as) candidatos(as) inscritos(as)<\/p>\n<p><a href=\"https:\/\/progepe.ufpr.br\/capacitacao\/wp-content\/uploads\/2024\/09\/edital-no-38-2024-progepe-cdp-ucaq.pdf\">EDITAL N\u00ba 38.2024 &#8211; PROGEPE-CDP-UCAQ<\/a> &#8211; Rela\u00e7\u00e3o das inscri\u00e7\u00f5es homologadas e resultado da an\u00e1lise de documentos<\/p>\n<hr \/>\n<p>Processo de sele\u00e7\u00e3o de servidores(as) do quadro permanente, ativo e em exerc\u00edcio na Universidade Federal do Paran\u00e1(UFPR) interessados em atuar como instrutores(as) na a\u00e7\u00e3o de desenvolvimento M\u00f3dulo Coleta CAPES da Plataforma Sucupira que comp\u00f5e o Plano de Desenvolvimento de Pessoas da UFPR.<\/p>\n<p><a href=\"https:\/\/progepe.ufpr.br\/capacitacao\/wp-content\/uploads\/2024\/02\/edital-08-2024-progepe-cdp-ucaq.pdf\">EDITAL 08-2024 PROGEPE-CDP-UCAQ<\/a> &#8211; Abertura de inscri\u00e7\u00f5es<\/p>\n<p><a href=\"https:\/\/progepe.ufpr.br\/capacitacao\/wp-content\/uploads\/2024\/02\/edital-10-2024-progepe-cdp-ucaq-1-1.pdf\">EDITAL 10-2024 PROGEPE-CDP-UCAQ<\/a> &#8211; Retifica\u00e7\u00e3o do Edital 08-2024 PROGEPE-CDP-UCAQ<\/p>\n<p><a href=\"https:\/\/progepe.ufpr.br\/capacitacao\/wp-content\/uploads\/2024\/03\/edital-16-2024-progepe-cdp-ucaq.pdf\">EDITAL 16-2024 PROGEPE-CDP-UCAQ<\/a>\u00a0&#8211; Rela\u00e7\u00e3o de inscritos<\/p>\n<p><a href=\"https:\/\/progepe.ufpr.br\/capacitacao\/wp-content\/uploads\/2024\/03\/edital-19-2024-progepe-cdp-ucaq.pdf\">EDITAL 19-2024 PROGEPE-CDP-UCAQ<\/a> &#8211; Rela\u00e7\u00e3o das inscri\u00e7\u00f5es homologadas e resultado da an\u00e1lise dos documentos do(as) candidatos(as)<\/p>\n<p><a href=\"https:\/\/progepe.ufpr.br\/capacitacao\/wp-content\/uploads\/2024\/03\/edital-21-2024-progepe-cdp-ucaq.pdf\">EDITAL 21-2024 PROGEPE-CDP-UCAQ<\/a>\u00a0&#8211; Resultado da an\u00e1lise dos pedidos de reconsidera\u00e7\u00e3o e convoca\u00e7\u00e3o para entrevistas<\/p>\n<p><a href=\"https:\/\/progepe.ufpr.br\/capacitacao\/wp-content\/uploads\/2024\/03\/edital-24-2024-progepe-cdp-ucaq-1.pdf\">EDITAL 24-2024 PROGEPE-CDP-UCAQ<\/a>\u00a0&#8211; Resultado final<\/p>\n<hr \/>\n<p>Processo de sele\u00e7\u00e3o de servidores(as) do quadro permanente, ativo e em exerc\u00edcio na Universidade Federal do Paran\u00e1 (UFPR) interessados em atuar como instrutores(as) na a\u00e7\u00e3o de desenvolvimento Media\u00e7\u00e3o de Conflitos que comp\u00f5e o Plano de Desenvolvimento de Pessoas da UFPR.<\/p>\n<p><a href=\"https:\/\/progepe.ufpr.br\/capacitacao\/wp-content\/uploads\/2024\/02\/edital-07-2024-progepe-cdp-ucaq.pdf\">EDITAL 07-2024 PROGEPE-CDP-UCAQ<\/a>\u00a0&#8211; Abertura de inscri\u00e7\u00f5es<\/p>\n<p><a href=\"https:\/\/progepe.ufpr.br\/capacitacao\/wp-content\/uploads\/2024\/03\/edital12-2024-progepe-cdp-ucaq.pdf\">EDITAL12-2024 PROGEPE-CDP-UCAQ<\/a>\u00a0 &#8211; Rela\u00e7\u00e3o de inscritos<\/p>\n<p><a href=\"https:\/\/progepe.ufpr.br\/capacitacao\/wp-content\/uploads\/2024\/03\/edital-13-2024-progepe-cdp-ucaq.pdf\">EDITAL 13-2024 PROGEPE-CDP-UCAQ<\/a> &#8211; Rela\u00e7\u00e3o das inscri\u00e7\u00f5es homologadas e resultado da an\u00e1lise dos documentos do(as) candidatos(as)<\/p>\n<p><a href=\"https:\/\/progepe.ufpr.br\/capacitacao\/wp-content\/uploads\/2024\/03\/edital-14-2024-progepe-cdp-ucaq.pdf\">EDITAL 14 -2024 PROGEPE-CDP-UCAQ<\/a> &#8211; Retifica\u00e7\u00e3o<\/p>\n<p><a href=\"https:\/\/progepe.ufpr.br\/capacitacao\/wp-content\/uploads\/2024\/03\/edital-17-2024-progepe-cdp-ucaq.pdf\">EDITAL 17-2024 PROGEPE-CDP-UCAQ<\/a>\u00a0&#8211; Resultado da an\u00e1lise de pedidos de reconsidera\u00e7\u00e3o e convoca\u00e7\u00e3o para entrevistas<\/p>\n<p><a href=\"https:\/\/progepe.ufpr.br\/capacitacao\/wp-content\/uploads\/2024\/03\/edital-23-2024-progepe-cdp-ucaq-1.pdf\">EDITAL 23-2024 PROGEPE-CDP-UCAQ<\/a>\u00a0&#8211; Resultado final<\/p>\n<hr \/>\n<p>Processo de sele\u00e7\u00e3o de servidores(as) do quadro permanente, ativo e em exerc\u00edcio na Universidade Federal do Paran\u00e1 (UFPR) interessados em atuar como instrutores(as) nas a\u00e7\u00f5es de desenvolvimento LibreOffice (Calc e Writer) que comp\u00f5em o Plano de Desenvolvimento de Pessoas da UFPR.<\/p>\n<p><a href=\"https:\/\/progepe.ufpr.br\/capacitacao\/wp-content\/uploads\/2024\/02\/edital-06-2024-progepe-cdp-ucaq.pdf\">EDITAL 06-2024 PROGEPE-CDP-UCAQ<\/a> &#8211; Abertura de inscri\u00e7\u00f5es<\/p>\n<p><a href=\"https:\/\/progepe.ufpr.br\/capacitacao\/wp-content\/uploads\/2024\/02\/edital-09-2023-progepe-cdp-ucaq.pdf\">EDITAL 09-2023 PROGEPE-CDP-UCAQ<\/a> &#8211; Retifica\u00e7\u00e3o do Edital 06-2024 PROGEPE-CDP-UCAQ<\/p>\n<p><a href=\"https:\/\/progepe.ufpr.br\/capacitacao\/wp-content\/uploads\/2024\/03\/edital-11-2024-progepe-cdp-ucaq.pdf\">EDITAL 11-2024 PROGEPE-CDP-UCAQ<\/a>\u00a0&#8211; Rela\u00e7\u00e3o de inscritos<\/p>\n<p><a href=\"https:\/\/progepe.ufpr.br\/capacitacao\/wp-content\/uploads\/2024\/03\/edital-15-2024-progepe-cdp-ucaq.pdf\">EDITAL 15 -2024 PROGEPE-CDP-UCAQ<\/a> &#8211; Rela\u00e7\u00e3o das inscri\u00e7\u00f5es homologadas e resultado da an\u00e1lise dos documentos do(as) candidatos(as)<\/p>\n<p><a href=\"https:\/\/progepe.ufpr.br\/capacitacao\/wp-content\/uploads\/2024\/03\/edital-20-2024-progepe-cdp-ucaq.pdf\">EDITAL 20-2024 PROGEPE-CDP-UCAQ<\/a> &#8211; Resultado da an\u00e1lise de pedidos de reconsidera\u00e7\u00e3o e convoca\u00e7\u00e3o para entrevistas<\/p>\n<p><a href=\"https:\/\/progepe.ufpr.br\/capacitacao\/wp-content\/uploads\/2024\/03\/edital-22-2024-progepe-cdp-ucaq-1.pdf\">EDITAL 22-2024 PROGEPE-CDP-UCAQ<\/a>\u00a0&#8211; Retifica\u00e7\u00e3o (altera\u00e7\u00e3o do cronograma)<\/p>\n<p><a href=\"https:\/\/progepe.ufpr.br\/capacitacao\/wp-content\/uploads\/2024\/04\/edital-no-25-2024-progepe-cdp-ucaq.pdf\">Edital 25-2024 PROGEPE-CDP-UCAQ<\/a>&#8211; Resultado final<\/p>\n<hr \/>\n<p>Processo de sele\u00e7\u00e3o de servidores(as) do quadro permanente, ativo e em exerc\u00edcio na Universidade Federal do Paran\u00e1 (UFPR) interessados em atuar na elabora\u00e7\u00e3o e corre\u00e7\u00e3o de quest\u00f5es de teste de n\u00edvel para ingresso no Programa de L\u00ednguas Estrangeiras Modernas. <span style=\"color: #800000\"><strong>FINALIZADO.<\/strong><\/span><\/p>\n<p><a href=\"https:\/\/progepe.ufpr.br\/capacitacao\/wp-content\/uploads\/2024\/01\/edital-01-2024-progepe-cdp-ucaq.pdf\">EDITAL 01-2024 PROGEPE-CDP-UCAQ<\/a> &#8211; Abertura de inscri\u00e7\u00f5es<\/p>\n<p><a href=\"https:\/\/progepe.ufpr.br\/capacitacao\/wp-content\/uploads\/2024\/02\/edital-03-2024-progepe-cdp-ucaq.pdf\">EDITAL 03-2024 PROGEPE-CDP-UCAQ<\/a> &#8211; Inscri\u00e7\u00f5es homologadas e resultado preliminar da an\u00e1lise de documentos<\/p>\n<p><a href=\"https:\/\/progepe.ufpr.br\/capacitacao\/wp-content\/uploads\/2024\/02\/edital-05-2024-progepe-cdp-ucaq.pdf\">EDITAL 05-2024 PROGEPE-CDP-UCAQ<\/a> &#8211; Resultado Final<\/p>\n<p>&nbsp;<\/p>\n<hr \/>\n<p>Atualizado em 15\/03\/2024.<\/p>\n","protected":false},"excerpt":{"rendered":"<p>O presente Edital tem por finalidade selecionar servidores(as) do quadro permanente, ativo e em exerc\u00edcio na Universidade Federal do Paran\u00e1 (UFPR) interessados em atuar como Instrutores(as) em cursos a dist\u00e2ncia nas a\u00e7\u00f5es de desenvolvimento que comp\u00f5em o Programa de Educa\u00e7\u00e3o a Dist\u00e2ncia do Plano de Desenvolvimento de Pessoas (PDP) da UFPR. EDITAL N\u00ba 32.2024 &#8211; [&hellip;]<\/p>\n","protected":false},"author":41,"featured_media":0,"parent":0,"menu_order":0,"comment_status":"closed","ping_status":"closed","template":"","meta":{"_coblocks_attr":"","_coblocks_dimensions":"","_coblocks_responsive_height":"","_coblocks_accordion_ie_support":"","_uag_custom_page_level_css":"","iawp_total_views":32,"footnotes":""},"class_list":["post-6035","page","type-page","status-publish","hentry"],"uagb_featured_image_src":{"full":false,"thumbnail":false,"medium":false,"medium_large":false,"large":false,"1536x1536":false,"2048x2048":false},"uagb_author_info":{"display_name":"progepe-admin","author_link":"https:\/\/progepe.ufpr.br\/capacitacao\/author\/progepe-admin\/"},"uagb_comment_info":0,"uagb_excerpt":"O presente Edital tem por finalidade selecionar servidores(as) do quadro permanente, ativo e em exerc\u00edcio na Universidade Federal do Paran\u00e1 (UFPR) interessados em atuar como Instrutores(as) em cursos a dist\u00e2ncia nas a\u00e7\u00f5es de desenvolvimento que comp\u00f5em o Programa de Educa\u00e7\u00e3o a Dist\u00e2ncia do Plano de Desenvolvimento de Pessoas (PDP) da UFPR. EDITAL N\u00ba 32.2024 &#8211;&hellip;","publishpress_future_workflow_manual_trigger":{"enabledWorkflows":[]},"_links":{"self":[{"href":"https:\/\/progepe.ufpr.br\/capacitacao\/wp-json\/wp\/v2\/pages\/6035","targetHints":{"allow":["GET"]}}],"collection":[{"href":"https:\/\/progepe.ufpr.br\/capacitacao\/wp-json\/wp\/v2\/pages"}],"about":[{"href":"https:\/\/progepe.ufpr.br\/capacitacao\/wp-json\/wp\/v2\/types\/page"}],"author":[{"embeddable":true,"href":"https:\/\/progepe.ufpr.br\/capacitacao\/wp-json\/wp\/v2\/users\/41"}],"replies":[{"embeddable":true,"href":"https:\/\/progepe.ufpr.br\/capacitacao\/wp-json\/wp\/v2\/comments?post=6035"}],"version-history":[{"count":2,"href":"https:\/\/progepe.ufpr.br\/capacitacao\/wp-json\/wp\/v2\/pages\/6035\/revisions"}],"predecessor-version":[{"id":77189,"href":"https:\/\/progepe.ufpr.br\/capacitacao\/wp-json\/wp\/v2\/pages\/6035\/revisions\/77189"}],"wp:attachment":[{"href":"https:\/\/progepe.ufpr.br\/capacitacao\/wp-json\/wp\/v2\/media?parent=6035"}],"curies":[{"name":"wp","href":"https:\/\/api.w.org\/{rel}","templated":true}]}}