{"id":6850,"date":"2024-11-29T09:54:39","date_gmt":"2024-11-29T12:54:39","guid":{"rendered":"https:\/\/www.prppg.ufpr.br\/site\/portalcapacitacao\/?page_id=6850"},"modified":"2025-02-04T16:06:48","modified_gmt":"2025-02-04T19:06:48","slug":"editais-piq-2024","status":"publish","type":"page","link":"https:\/\/progepe.ufpr.br\/capacitacao\/editais-piq-2024\/","title":{"rendered":"Editais &#8211; PIQ &#8211; 2024"},"content":{"rendered":"<p>Edital de sele\u00e7\u00e3o de servidores(as) da carreira T\u00e9cnico-Administrativo em Educa\u00e7\u00e3o do quadro permanente, ativo e em exerc\u00edcio na Universidade Federal do Paran\u00e1 (UFPR) interessados em participar do Programa de Incentivo a Qualifica\u00e7\u00e3o (<a href=\"https:\/\/progepe.ufpr.br\/capacitacao\/programa-de-incentivo-a-qualificacao-piq\/\">PIQ<\/a>) 2024\u00a0<span style=\"color: #800000\"><strong> FINALIZADO<\/strong><\/span><\/p>\n<p><a href=\"https:\/\/progepe.ufpr.br\/capacitacao\/wp-content\/uploads\/2024\/07\/edital-26-2024-progepe-cdp-ucaq.pdf\">EDITAL 26-2024 PROGEPE-CDP-UCAQ<\/a>\u00a0\u2013 Edital<\/p>\n<p><a href=\"https:\/\/progepe.ufpr.br\/capacitacao\/wp-content\/uploads\/2024\/07\/edital-27-2024-progepe-cdp-ucaq.pdf\">EDITAL 27-2024 PROGEPE-CDP-UCAQ<\/a>\u00a0\u2013 Das inscri\u00e7\u00f5es homologadas e do resultado preliminar<\/p>\n<p><a href=\"https:\/\/progepe.ufpr.br\/capacitacao\/wp-content\/uploads\/2024\/07\/edital-28-2024-progepe-cdp-ucaq.pdf\">EDITAL 28-2024 PROGEPE-CDP-UCAQ<\/a>\u00a0\u2013 Edital<\/p>\n<p><a href=\"https:\/\/progepe.ufpr.br\/capacitacao\/wp-content\/uploads\/2024\/08\/edital-n--29-2024-progepe-cdp-ucaq.pdf\">EDITAL N. 29-2024 PROGEPE-CDP-UCAQ<\/a>\u00a0 \u2013 Edital \u2013 altera\u00e7\u00e3o de cronograma<\/p>\n<p><a href=\"https:\/\/progepe.ufpr.br\/capacitacao\/wp-content\/uploads\/2024\/07\/edital-no-31-2024-progepe-cdp_-ucaq_.pdf\">EDITAL N\u00ba 31.2024 \u2013 PROGEPE.CDP.UCAQ<\/a>\u00a0\u2013 Edital \u2013 altera\u00e7\u00e3o de cronograma<\/p>\n<p><a href=\"https:\/\/progepe.ufpr.br\/capacitacao\/wp-content\/uploads\/2024\/07\/edital-no-40-2024-progepe-cdp_-ucaq_.pdf\">EDITAL N\u00ba 40.2024 \u2013 PROGEPE.CDP.UCAQ<\/a>\u00a0\u2013 Inscri\u00e7\u00e3o deferida e resultado preliminar<\/p>\n","protected":false},"excerpt":{"rendered":"<p>Edital de sele\u00e7\u00e3o de servidores(as) da carreira T\u00e9cnico-Administrativo em Educa\u00e7\u00e3o do quadro permanente, ativo e em exerc\u00edcio na Universidade Federal do Paran\u00e1 (UFPR) interessados em participar do Programa de Incentivo a Qualifica\u00e7\u00e3o (PIQ) 2024\u00a0 FINALIZADO EDITAL 26-2024 PROGEPE-CDP-UCAQ\u00a0\u2013 Edital EDITAL 27-2024 PROGEPE-CDP-UCAQ\u00a0\u2013 Das inscri\u00e7\u00f5es homologadas e do resultado preliminar EDITAL 28-2024 PROGEPE-CDP-UCAQ\u00a0\u2013 Edital EDITAL N. [&hellip;]<\/p>\n","protected":false},"author":41,"featured_media":0,"parent":0,"menu_order":0,"comment_status":"closed","ping_status":"closed","template":"","meta":{"_coblocks_attr":"","_coblocks_dimensions":"","_coblocks_responsive_height":"","_coblocks_accordion_ie_support":"","_uag_custom_page_level_css":"","iawp_total_views":41,"footnotes":""},"class_list":["post-6850","page","type-page","status-publish","hentry"],"uagb_featured_image_src":{"full":false,"thumbnail":false,"medium":false,"medium_large":false,"large":false,"1536x1536":false,"2048x2048":false},"uagb_author_info":{"display_name":"progepe-admin","author_link":"https:\/\/progepe.ufpr.br\/capacitacao\/author\/progepe-admin\/"},"uagb_comment_info":0,"uagb_excerpt":"Edital de sele\u00e7\u00e3o de servidores(as) da carreira T\u00e9cnico-Administrativo em Educa\u00e7\u00e3o do quadro permanente, ativo e em exerc\u00edcio na Universidade Federal do Paran\u00e1 (UFPR) interessados em participar do Programa de Incentivo a Qualifica\u00e7\u00e3o (PIQ) 2024\u00a0 FINALIZADO EDITAL 26-2024 PROGEPE-CDP-UCAQ\u00a0\u2013 Edital EDITAL 27-2024 PROGEPE-CDP-UCAQ\u00a0\u2013 Das inscri\u00e7\u00f5es homologadas e do resultado preliminar EDITAL 28-2024 PROGEPE-CDP-UCAQ\u00a0\u2013 Edital EDITAL N.&hellip;","publishpress_future_workflow_manual_trigger":{"enabledWorkflows":[]},"_links":{"self":[{"href":"https:\/\/progepe.ufpr.br\/capacitacao\/wp-json\/wp\/v2\/pages\/6850","targetHints":{"allow":["GET"]}}],"collection":[{"href":"https:\/\/progepe.ufpr.br\/capacitacao\/wp-json\/wp\/v2\/pages"}],"about":[{"href":"https:\/\/progepe.ufpr.br\/capacitacao\/wp-json\/wp\/v2\/types\/page"}],"author":[{"embeddable":true,"href":"https:\/\/progepe.ufpr.br\/capacitacao\/wp-json\/wp\/v2\/users\/41"}],"replies":[{"embeddable":true,"href":"https:\/\/progepe.ufpr.br\/capacitacao\/wp-json\/wp\/v2\/comments?post=6850"}],"version-history":[{"count":2,"href":"https:\/\/progepe.ufpr.br\/capacitacao\/wp-json\/wp\/v2\/pages\/6850\/revisions"}],"predecessor-version":[{"id":77211,"href":"https:\/\/progepe.ufpr.br\/capacitacao\/wp-json\/wp\/v2\/pages\/6850\/revisions\/77211"}],"wp:attachment":[{"href":"https:\/\/progepe.ufpr.br\/capacitacao\/wp-json\/wp\/v2\/media?parent=6850"}],"curies":[{"name":"wp","href":"https:\/\/api.w.org\/{rel}","templated":true}]}}