{"id":78198,"date":"2025-06-11T10:48:53","date_gmt":"2025-06-11T13:48:53","guid":{"rendered":"https:\/\/progepe.ufpr.br\/capacitacao\/?page_id=78198"},"modified":"2026-03-31T10:29:21","modified_gmt":"2026-03-31T13:29:21","slug":"menu-capacitacao-qualificacao","status":"publish","type":"page","link":"https:\/\/progepe.ufpr.br\/capacitacao\/menu-capacitacao-qualificacao\/","title":{"rendered":"Capacita\u00e7\u00e3o e qualifica\u00e7\u00e3o"},"content":{"rendered":"\n<div class=\"wp-block-group is-layout-flow wp-block-group-is-layout-flow\">\n<div style=\"height:1em\" aria-hidden=\"true\" class=\"wp-block-spacer\"><\/div>\n\n\n\n<div class=\"wp-block-buttons is-content-justification-center is-layout-flex wp-container-core-buttons-is-layout-1 wp-block-buttons-is-layout-flex\">\n<div class=\"wp-block-button has-custom-width wp-block-button__width-100\"><a class=\"wp-block-button__link has-text-align-left wp-element-button\" href=\"https:\/\/progepe.ufpr.br\/capacitacao\/capacitacao-e-qualificacao\/\">Apresenta\u00e7\u00e3o: sobre capacita\u00e7\u00e3o e qualifica\u00e7\u00e3o<\/a><\/div>\n<\/div>\n\n\n\n<div class=\"wp-block-coblocks-accordion\">\n<div class=\"wp-block-coblocks-accordion-item\"><details><summary class=\"wp-block-coblocks-accordion-item__title has-background has-text-color has-base-color\" style=\"background-color:#002e4f\">A\u00e7\u00f5es de capacita\u00e7\u00e3o internas<\/summary><div class=\"wp-block-coblocks-accordion-item__content\" style=\"border-color:#002e4f\">\n<div class=\"wp-block-buttons is-content-justification-center is-layout-flex wp-container-core-buttons-is-layout-2 wp-block-buttons-is-layout-flex\">\n<div class=\"wp-block-button has-custom-width wp-block-button__width-100\"><a class=\"wp-block-button__link has-text-align-left wp-element-button\" href=\"https:\/\/progepe.ufpr.br\/capacitacao\/category\/acoes_desenvolvimento\/?s&amp;post_type=post&amp;m=2026\" target=\"_blank\" rel=\"noreferrer noopener\">2026<\/a><\/div>\n\n\n\n<div class=\"wp-block-button has-custom-width wp-block-button__width-100\"><a class=\"wp-block-button__link has-text-align-left wp-element-button\" href=\"https:\/\/progepe.ufpr.br\/capacitacao\/category\/acoes_desenvolvimento\/?s&amp;post_type=post&amp;m=2025\" target=\"_blank\" rel=\"noreferrer noopener\">2025<\/a><\/div>\n\n\n\n<div class=\"wp-block-button has-custom-width wp-block-button__width-100\"><a class=\"wp-block-button__link has-text-align-left wp-element-button\" href=\"https:\/\/progepe.ufpr.br\/capacitacao\/category\/acoes_desenvolvimento\/?s&amp;post_type=post&amp;m=2024\" target=\"_blank\" rel=\"noreferrer noopener\">2024<\/a><\/div>\n\n\n\n<div class=\"wp-block-button has-custom-width wp-block-button__width-100\"><a class=\"wp-block-button__link has-text-align-left wp-element-button\" href=\"https:\/\/progepe.ufpr.br\/capacitacao\/category\/acoes_desenvolvimento\/?s&amp;post_type=post&amp;m=2023\" target=\"_blank\" rel=\"noreferrer noopener\">2023<\/a><\/div>\n\n\n\n<div class=\"wp-block-button has-custom-width wp-block-button__width-100\"><a class=\"wp-block-button__link has-text-align-left wp-element-button\" href=\"https:\/\/progepe.ufpr.br\/capacitacao\/category\/acoes_desenvolvimento\/?s&amp;post_type=post&amp;m=2022\" target=\"_blank\" rel=\"noreferrer noopener\">2022<\/a><\/div>\n\n\n\n<div class=\"wp-block-button has-custom-width wp-block-button__width-100\"><a class=\"wp-block-button__link has-text-align-left wp-element-button\" href=\"https:\/\/progepe.ufpr.br\/capacitacao\/category\/acoes_desenvolvimento\/?s&amp;post_type=post&amp;m=2021\" target=\"_blank\" rel=\"noreferrer noopener\">2021<\/a><\/div>\n<\/div>\n<\/div><\/details><\/div>\n<\/div>\n\n\n\n<div class=\"wp-block-buttons is-content-justification-center is-layout-flex wp-container-core-buttons-is-layout-3 wp-block-buttons-is-layout-flex\">\n<div class=\"wp-block-button has-custom-width wp-block-button__width-100\"><a class=\"wp-block-button__link has-text-align-left wp-element-button\" href=\"https:\/\/progepe.ufpr.br\/capacitacao\/acoes-de-capacitacao-externas\/\">A\u00e7\u00f5es de capacita\u00e7\u00e3o externas<\/a><\/div>\n\n\n\n<div class=\"wp-block-button has-custom-width wp-block-button__width-100\"><a class=\"wp-block-button__link has-text-align-left wp-element-button\" href=\"https:\/\/progepe.ufpr.br\/capacitacao\/gratificacao-por-encargo-de-curso-ou-concurso-gecc\/\">Gratifica\u00e7\u00e3o por Encargo de Curso ou Concurso (GECC)<\/a><\/div>\n\n\n\n<div class=\"wp-block-button has-custom-width wp-block-button__width-100\"><a class=\"wp-block-button__link has-text-align-left wp-element-button\" href=\"https:\/\/progepe.ufpr.br\/capacitacao\/pdic-2022-2026\/\">PDIC 2022-2026<\/a><\/div>\n\n\n\n<div class=\"wp-block-button has-custom-width wp-block-button__width-100\"><a class=\"wp-block-button__link has-text-align-left wp-element-button\" href=\"https:\/\/progepe.ufpr.br\/capacitacao\/programas-de-capacitacao\/\">Programas de capacita\u00e7\u00e3o<\/a><\/div>\n\n\n\n<div class=\"wp-block-button has-custom-width wp-block-button__width-100\"><a class=\"wp-block-button__link has-text-align-left wp-element-button\" href=\"https:\/\/progepe.ufpr.br\/capacitacao\/programa-de-incentivo-a-qualificacao-piq\/\">Plano de Incentivo \u00e0 Qualifica\u00e7\u00e3o (PIQ)<\/a><\/div>\n\n\n\n<div class=\"wp-block-button has-custom-width wp-block-button__width-100\"><a class=\"wp-block-button__link has-text-align-left wp-element-button\" href=\"https:\/\/progepe.ufpr.br\/capacitacao\/auxilio-para-capacitacao-2\/\">Aux\u00edlio para capacita\u00e7\u00e3o<\/a><\/div>\n\n\n\n<div class=\"wp-block-button has-custom-width wp-block-button__width-100\"><a class=\"wp-block-button__link has-text-align-left wp-element-button\" href=\"https:\/\/progepe.ufpr.br\/capacitacao\/unidade-responsavel\/\">Unidade respons\u00e1vel<\/a><\/div>\n\n\n\n<div class=\"wp-block-button has-custom-width wp-block-button__width-100\"><a class=\"wp-block-button__link has-text-align-left wp-element-button\">Programa LEM<\/a><\/div>\n<\/div>\n<\/div>\n\n\n\n<p><\/p>\n","protected":false},"excerpt":{"rendered":"","protected":false},"author":39,"featured_media":0,"parent":0,"menu_order":0,"comment_status":"closed","ping_status":"closed","template":"pagina_de_navegacao","meta":{"_coblocks_attr":"","_coblocks_dimensions":"","_coblocks_responsive_height":"","_coblocks_accordion_ie_support":"","_uag_custom_page_level_css":"","iawp_total_views":1348,"footnotes":""},"class_list":["post-78198","page","type-page","status-publish","hentry"],"uagb_featured_image_src":{"full":false,"thumbnail":false,"medium":false,"medium_large":false,"large":false,"1536x1536":false,"2048x2048":false},"uagb_author_info":{"display_name":"Bruno Tokarski","author_link":"https:\/\/progepe.ufpr.br\/capacitacao\/author\/brtok\/"},"uagb_comment_info":0,"uagb_excerpt":null,"publishpress_future_workflow_manual_trigger":{"enabledWorkflows":[]},"_links":{"self":[{"href":"https:\/\/progepe.ufpr.br\/capacitacao\/wp-json\/wp\/v2\/pages\/78198","targetHints":{"allow":["GET"]}}],"collection":[{"href":"https:\/\/progepe.ufpr.br\/capacitacao\/wp-json\/wp\/v2\/pages"}],"about":[{"href":"https:\/\/progepe.ufpr.br\/capacitacao\/wp-json\/wp\/v2\/types\/page"}],"author":[{"embeddable":true,"href":"https:\/\/progepe.ufpr.br\/capacitacao\/wp-json\/wp\/v2\/users\/39"}],"replies":[{"embeddable":true,"href":"https:\/\/progepe.ufpr.br\/capacitacao\/wp-json\/wp\/v2\/comments?post=78198"}],"version-history":[{"count":19,"href":"https:\/\/progepe.ufpr.br\/capacitacao\/wp-json\/wp\/v2\/pages\/78198\/revisions"}],"predecessor-version":[{"id":79186,"href":"https:\/\/progepe.ufpr.br\/capacitacao\/wp-json\/wp\/v2\/pages\/78198\/revisions\/79186"}],"wp:attachment":[{"href":"https:\/\/progepe.ufpr.br\/capacitacao\/wp-json\/wp\/v2\/media?parent=78198"}],"curies":[{"name":"wp","href":"https:\/\/api.w.org\/{rel}","templated":true}]}}