{"id":78255,"date":"2025-06-11T13:18:45","date_gmt":"2025-06-11T16:18:45","guid":{"rendered":"https:\/\/progepe.ufpr.br\/capacitacao\/?page_id=78255"},"modified":"2026-02-25T23:10:14","modified_gmt":"2026-02-26T02:10:14","slug":"menu-desenvolvimento-carreira","status":"publish","type":"page","link":"https:\/\/progepe.ufpr.br\/capacitacao\/menu-desenvolvimento-carreira\/","title":{"rendered":"Desenvolvimento na carreira"},"content":{"rendered":"\n<div class=\"wp-block-group is-layout-flow wp-block-group-is-layout-flow\">\n<div style=\"height:1em\" aria-hidden=\"true\" class=\"wp-block-spacer\"><\/div>\n\n\n\n<div class=\"wp-block-buttons is-content-justification-center is-layout-flex wp-container-core-buttons-is-layout-1 wp-block-buttons-is-layout-flex\">\n<div class=\"wp-block-button has-custom-width wp-block-button__width-100\"><a class=\"wp-block-button__link has-text-align-left wp-element-button\" href=\"https:\/\/progepe.ufpr.br\/capacitacao\/incentivo-a-qualificacao\/\">Incentivo \u00e0 Qualifica\u00e7\u00e3o<\/a><\/div>\n\n\n\n<div class=\"wp-block-button has-custom-width wp-block-button__width-100\"><a class=\"wp-block-button__link has-text-align-left wp-element-button\" href=\"https:\/\/progepe.ufpr.br\/capacitacao\/progressao-por-capacitacao\/\">Acelera\u00e7\u00e3o da Progress\u00e3o por Capacita\u00e7\u00e3o<\/a><\/div>\n<\/div>\n\n\n\n<div class=\"wp-block-coblocks-accordion\">\n<div class=\"wp-block-coblocks-accordion-item\"><details><summary class=\"wp-block-coblocks-accordion-item__title has-background has-text-color has-base-color\" style=\"background-color:#002e4f\">Avalia\u00e7\u00e3o em Est\u00e1gio Probat\u00f3rio<\/summary><div class=\"wp-block-coblocks-accordion-item__content\" style=\"border-color:#002e4f\">\n<div class=\"wp-block-buttons is-content-justification-center is-layout-flex wp-container-core-buttons-is-layout-2 wp-block-buttons-is-layout-flex\">\n<div class=\"wp-block-button has-custom-width wp-block-button__width-100\"><a class=\"wp-block-button__link has-text-align-left wp-element-button\" href=\"https:\/\/progepe.ufpr.br\/capacitacao\/avaliacao-em-estagio-probatorio-nomeados-a-partir-de-07-02-2025\/\">Est\u00e1gio Probat\u00f3rio \u2013 Novo Regime (nomeados a partir de 07\/02\/2025)<\/a><\/div>\n\n\n\n<div class=\"wp-block-button has-custom-width wp-block-button__width-100\"><a class=\"wp-block-button__link has-text-align-left wp-element-button\" href=\"https:\/\/progepe.ufpr.br\/capacitacao\/avaliacao-em-estagio-probatorio\/\">Est\u00e1gio Probat\u00f3rio \u2013 Regime anterior (nomeados at\u00e9 06\/02\/2025)<\/a><\/div>\n<\/div>\n<\/div><\/details><\/div>\n<\/div>\n\n\n\n<div class=\"wp-block-coblocks-accordion\">\n<div class=\"wp-block-coblocks-accordion-item\"><details><summary class=\"wp-block-coblocks-accordion-item__title has-background has-text-color has-base-color\" style=\"background-color:#002e4f\">Avalia\u00e7\u00e3o de desempenho<\/summary><div class=\"wp-block-coblocks-accordion-item__content\" style=\"border-color:#002e4f\">\n<div class=\"wp-block-buttons is-content-justification-center is-layout-flex wp-container-core-buttons-is-layout-3 wp-block-buttons-is-layout-flex\">\n<div class=\"wp-block-button has-custom-width wp-block-button__width-100\"><a class=\"wp-block-button__link has-text-align-left wp-element-button\" href=\"https:\/\/progepe.ufpr.br\/capacitacao\/avaliacao-de-desempenho\/\">Sobre a Avalia\u00e7\u00e3o de desempenho<\/a><\/div>\n\n\n\n<div class=\"wp-block-button has-custom-width wp-block-button__width-100\"><a class=\"wp-block-button__link has-text-align-left wp-element-button\" href=\"https:\/\/progepe.ufpr.br\/capacitacao\/avaliacao-de-desempenho-2026\/\">AD 2026<\/a><\/div>\n\n\n\n<div class=\"wp-block-button has-custom-width wp-block-button__width-100\"><a class=\"wp-block-button__link has-text-align-left wp-element-button\" href=\"https:\/\/progepe.ufpr.br\/capacitacao\/avaliacao-de-desempenho\/ad-2025\/\">AD 2025<\/a><\/div>\n\n\n\n<div class=\"wp-block-button has-custom-width wp-block-button__width-100\"><a class=\"wp-block-button__link has-text-align-left wp-element-button\" href=\"https:\/\/progepe.ufpr.br\/capacitacao\/avaliacao-de-desempenho\/ad-2024\/\">AD 2024<\/a><\/div>\n\n\n\n<div class=\"wp-block-button has-custom-width wp-block-button__width-100\"><a class=\"wp-block-button__link has-text-align-left wp-element-button\" href=\"https:\/\/progepe.ufpr.br\/capacitacao\/avaliacao-de-desempenho\/ad-2023\/\">AD 2023<\/a><\/div>\n<\/div>\n<\/div><\/details><\/div>\n<\/div>\n\n\n\n<div class=\"wp-block-buttons is-content-justification-center is-layout-flex wp-container-core-buttons-is-layout-4 wp-block-buttons-is-layout-flex\">\n<div class=\"wp-block-button has-custom-width wp-block-button__width-100\"><a class=\"wp-block-button__link has-text-align-left wp-element-button\" href=\"https:\/\/progepe.ufpr.br\/capacitacao\/unidades-responsaveis\/\">Unidades respons\u00e1veis<\/a><\/div>\n<\/div>\n\n\n\n<div style=\"height:1em\" aria-hidden=\"true\" class=\"wp-block-spacer\"><\/div>\n<\/div>\n\n\n\n<p><\/p>\n","protected":false},"excerpt":{"rendered":"","protected":false},"author":39,"featured_media":0,"parent":0,"menu_order":0,"comment_status":"closed","ping_status":"closed","template":"pagina_de_navegacao","meta":{"_coblocks_attr":"","_coblocks_dimensions":"","_coblocks_responsive_height":"","_coblocks_accordion_ie_support":"","_uag_custom_page_level_css":"","iawp_total_views":820,"footnotes":""},"class_list":["post-78255","page","type-page","status-publish","hentry"],"uagb_featured_image_src":{"full":false,"thumbnail":false,"medium":false,"medium_large":false,"large":false,"1536x1536":false,"2048x2048":false},"uagb_author_info":{"display_name":"Bruno Tokarski","author_link":"https:\/\/progepe.ufpr.br\/capacitacao\/author\/brtok\/"},"uagb_comment_info":0,"uagb_excerpt":null,"publishpress_future_workflow_manual_trigger":{"enabledWorkflows":[]},"_links":{"self":[{"href":"https:\/\/progepe.ufpr.br\/capacitacao\/wp-json\/wp\/v2\/pages\/78255","targetHints":{"allow":["GET"]}}],"collection":[{"href":"https:\/\/progepe.ufpr.br\/capacitacao\/wp-json\/wp\/v2\/pages"}],"about":[{"href":"https:\/\/progepe.ufpr.br\/capacitacao\/wp-json\/wp\/v2\/types\/page"}],"author":[{"embeddable":true,"href":"https:\/\/progepe.ufpr.br\/capacitacao\/wp-json\/wp\/v2\/users\/39"}],"replies":[{"embeddable":true,"href":"https:\/\/progepe.ufpr.br\/capacitacao\/wp-json\/wp\/v2\/comments?post=78255"}],"version-history":[{"count":10,"href":"https:\/\/progepe.ufpr.br\/capacitacao\/wp-json\/wp\/v2\/pages\/78255\/revisions"}],"predecessor-version":[{"id":79004,"href":"https:\/\/progepe.ufpr.br\/capacitacao\/wp-json\/wp\/v2\/pages\/78255\/revisions\/79004"}],"wp:attachment":[{"href":"https:\/\/progepe.ufpr.br\/capacitacao\/wp-json\/wp\/v2\/media?parent=78255"}],"curies":[{"name":"wp","href":"https:\/\/api.w.org\/{rel}","templated":true}]}}