{"id":78447,"date":"2025-08-14T15:23:37","date_gmt":"2025-08-14T18:23:37","guid":{"rendered":"https:\/\/progepe.ufpr.br\/capacitacao\/?page_id=78447"},"modified":"2026-03-17T16:50:10","modified_gmt":"2026-03-17T19:50:10","slug":"acoes-de-capacitacao-externas","status":"publish","type":"page","link":"https:\/\/progepe.ufpr.br\/capacitacao\/acoes-de-capacitacao-externas\/","title":{"rendered":"A\u00e7\u00f5es de capacita\u00e7\u00e3o externas"},"content":{"rendered":"\n<p>As institui\u00e7\u00f5es abaixo oferecem a\u00e7\u00f5es online, abertas \u00e0 comunidade e gratuitas.<\/p>\n\n\n\n<p><a href=\"https:\/\/www.escolavirtual.gov.br\/\">Escola Virtual GOV <\/a> (EV.G &#8211; ENAP)<\/p>\n\n\n\n<p><a href=\"https:\/\/portal.tcu.gov.br\/instituto-serzedello-correa\/\" target=\"_blank\" rel=\"noreferrer noopener\">Instituto Serzedello Corr\u00eaa &#8211; TCU<\/a><\/p>\n\n\n\n<p><a href=\"https:\/\/www12.senado.leg.br\/institucional\/institucional\/escoladegoverno\">Instituto Legislativo Brasileiro &#8211; Senado Federal<\/a><\/p>\n\n\n\n<p><a href=\"http:\/\/www.administracao.pr.gov.br\/Escola-de-Gestao\">Escola de Gest\u00e3o do Paran\u00e1 &#8211; Governo do Paran\u00e1<\/a><\/p>\n\n\n\n<p><a href=\"https:\/\/lumina.ufrgs.br\/\">L\u00famina &#8211; UFRGS<\/a><\/p>\n\n\n\n<p><a href=\"https:\/\/cursos.poca.ufscar.br\/\">Poca &#8211; UFSCAR&nbsp;<\/a><\/p>\n\n\n\n<p><a href=\"https:\/\/moodle.ifrs.edu.br\/course\/index.php?categoryid=38\">Cursos Gratuitos e Abertos &#8211; IFRS<\/a><\/p>\n\n\n\n<p><a href=\"https:\/\/cursoslivres.ifms.edu.br\/\">Cursos livres &#8211; IFMS<\/a><\/p>\n\n\n\n<p><a href=\"https:\/\/mooc.cefor.ifes.edu.br\/v\/\">Cursos abertos &#8211; IFES<\/a><\/p>\n\n\n\n<p><a href=\"https:\/\/extensaounead.uneb.br\/\">Cursos livres online &#8211; UNEB<\/a><\/p>\n\n\n\n<p><a href=\"https:\/\/www.ev.org.br\/\">Escola Virtual &#8211; Funda\u00e7\u00e3o Bradesco<\/a><\/p>\n\n\n\n<p><\/p>\n\n\n\n<p><\/p>\n","protected":false},"excerpt":{"rendered":"<p>As institui\u00e7\u00f5es abaixo oferecem a\u00e7\u00f5es online, abertas \u00e0 comunidade e gratuitas. Escola Virtual GOV (EV.G &#8211; ENAP) Instituto Serzedello Corr\u00eaa &#8211; TCU Instituto Legislativo Brasileiro &#8211; Senado Federal Escola de Gest\u00e3o do Paran\u00e1 &#8211; Governo do Paran\u00e1 L\u00famina &#8211; UFRGS Poca &#8211; UFSCAR&nbsp; Cursos Gratuitos e Abertos &#8211; IFRS Cursos livres &#8211; IFMS Cursos abertos [&hellip;]<\/p>\n","protected":false},"author":57,"featured_media":0,"parent":0,"menu_order":0,"comment_status":"closed","ping_status":"closed","template":"","meta":{"_coblocks_attr":"","_coblocks_dimensions":"","_coblocks_responsive_height":"","_coblocks_accordion_ie_support":"","_uag_custom_page_level_css":"","iawp_total_views":160,"footnotes":""},"class_list":["post-78447","page","type-page","status-publish","hentry"],"uagb_featured_image_src":{"full":false,"thumbnail":false,"medium":false,"medium_large":false,"large":false,"1536x1536":false,"2048x2048":false},"uagb_author_info":{"display_name":"Karine Lopes","author_link":"https:\/\/progepe.ufpr.br\/capacitacao\/author\/karinelopes\/"},"uagb_comment_info":0,"uagb_excerpt":"As institui\u00e7\u00f5es abaixo oferecem a\u00e7\u00f5es online, abertas \u00e0 comunidade e gratuitas. Escola Virtual GOV (EV.G &#8211; ENAP) Instituto Serzedello Corr\u00eaa &#8211; TCU Instituto Legislativo Brasileiro &#8211; Senado Federal Escola de Gest\u00e3o do Paran\u00e1 &#8211; Governo do Paran\u00e1 L\u00famina &#8211; UFRGS Poca &#8211; UFSCAR&nbsp; Cursos Gratuitos e Abertos &#8211; IFRS Cursos livres &#8211; IFMS Cursos abertos&hellip;","publishpress_future_workflow_manual_trigger":{"enabledWorkflows":[]},"_links":{"self":[{"href":"https:\/\/progepe.ufpr.br\/capacitacao\/wp-json\/wp\/v2\/pages\/78447","targetHints":{"allow":["GET"]}}],"collection":[{"href":"https:\/\/progepe.ufpr.br\/capacitacao\/wp-json\/wp\/v2\/pages"}],"about":[{"href":"https:\/\/progepe.ufpr.br\/capacitacao\/wp-json\/wp\/v2\/types\/page"}],"author":[{"embeddable":true,"href":"https:\/\/progepe.ufpr.br\/capacitacao\/wp-json\/wp\/v2\/users\/57"}],"replies":[{"embeddable":true,"href":"https:\/\/progepe.ufpr.br\/capacitacao\/wp-json\/wp\/v2\/comments?post=78447"}],"version-history":[{"count":9,"href":"https:\/\/progepe.ufpr.br\/capacitacao\/wp-json\/wp\/v2\/pages\/78447\/revisions"}],"predecessor-version":[{"id":79098,"href":"https:\/\/progepe.ufpr.br\/capacitacao\/wp-json\/wp\/v2\/pages\/78447\/revisions\/79098"}],"wp:attachment":[{"href":"https:\/\/progepe.ufpr.br\/capacitacao\/wp-json\/wp\/v2\/media?parent=78447"}],"curies":[{"name":"wp","href":"https:\/\/api.w.org\/{rel}","templated":true}]}}