{"id":228107,"date":"2023-08-02T17:42:05","date_gmt":"2023-08-02T20:42:05","guid":{"rendered":"http:\/\/progepe.ufpr.br\/portarias\/?page_id=228107"},"modified":"2023-12-22T14:46:23","modified_gmt":"2023-12-22T17:46:23","slug":"anteriores-2002","status":"publish","type":"page","link":"https:\/\/progepe.ufpr.br\/portarias\/anteriores-2002\/","title":{"rendered":"Portarias n\u00e3o encontradas ou anteriores ao ano de 2002"},"content":{"rendered":"\n<div class=\"wp-block-group has-global-padding is-layout-constrained wp-container-core-group-is-layout-1 wp-block-group-is-layout-constrained\">\n<div style=\"height:2em\" aria-hidden=\"true\" class=\"wp-block-spacer\"><\/div>\n\n\n\n<p>Para obten\u00e7\u00e3o ou consulta de portarias&nbsp;<strong>anteriores a 2002<\/strong>&nbsp;o(a) servidor(a) dever\u00e1 preencher e seguir as orienta\u00e7\u00f5es contidas no formul\u00e1rio &#8220;Solicita\u00e7\u00e3o de c\u00f3pia de portaria&#8221; abaixo.<\/p>\n\n\n\n<div style=\"height:1em\" aria-hidden=\"true\" class=\"wp-block-spacer\"><\/div>\n\n\n\n<div class=\"wp-block-buttons is-vertical is-content-justification-center is-layout-flex wp-container-core-buttons-is-layout-1 wp-block-buttons-is-layout-flex\">\n<div class=\"wp-block-button has-custom-width wp-block-button__width-50 is-style-outline is-style-outline--1\"><a class=\"wp-block-button__link has-contrast-color has-base-background-color has-text-color has-background wp-element-button\" href=\"https:\/\/progepe.ufpr.br\/portarias\/wp-content\/uploads\/2023\/12\/solicitacao_de_copia_de_portaria.pdf\" target=\"_blank\" rel=\"noreferrer noopener\"><strong>SOLICITA\u00c7\u00c3O DE C\u00d3PIA DE PORTARIA<\/strong><\/a><\/div>\n<\/div>\n\n\n\n<div style=\"height:10em\" aria-hidden=\"true\" class=\"wp-block-spacer\"><\/div>\n<\/div>\n","protected":false},"excerpt":{"rendered":"<p>Para obten\u00e7\u00e3o ou consulta de portarias&nbsp;anteriores a 2002&nbsp;o(a) servidor(a) dever\u00e1 preencher e seguir as orienta\u00e7\u00f5es contidas no formul\u00e1rio &#8220;Solicita\u00e7\u00e3o de c\u00f3pia de portaria&#8221; abaixo.<\/p>\n","protected":false},"author":39,"featured_media":0,"parent":0,"menu_order":0,"comment_status":"closed","ping_status":"closed","template":"","meta":{"_acf_changed":false,"iawp_total_views":311,"footnotes":""},"class_list":["post-228107","page","type-page","status-publish","hentry"],"acf":[],"_links":{"self":[{"href":"https:\/\/progepe.ufpr.br\/portarias\/wp-json\/wp\/v2\/pages\/228107","targetHints":{"allow":["GET"]}}],"collection":[{"href":"https:\/\/progepe.ufpr.br\/portarias\/wp-json\/wp\/v2\/pages"}],"about":[{"href":"https:\/\/progepe.ufpr.br\/portarias\/wp-json\/wp\/v2\/types\/page"}],"author":[{"embeddable":true,"href":"https:\/\/progepe.ufpr.br\/portarias\/wp-json\/wp\/v2\/users\/39"}],"replies":[{"embeddable":true,"href":"https:\/\/progepe.ufpr.br\/portarias\/wp-json\/wp\/v2\/comments?post=228107"}],"version-history":[{"count":5,"href":"https:\/\/progepe.ufpr.br\/portarias\/wp-json\/wp\/v2\/pages\/228107\/revisions"}],"predecessor-version":[{"id":253755,"href":"https:\/\/progepe.ufpr.br\/portarias\/wp-json\/wp\/v2\/pages\/228107\/revisions\/253755"}],"wp:attachment":[{"href":"https:\/\/progepe.ufpr.br\/portarias\/wp-json\/wp\/v2\/media?parent=228107"}],"curies":[{"name":"wp","href":"https:\/\/api.w.org\/{rel}","templated":true}]}}